
{"id":2,"date":"2025-10-09T11:32:01","date_gmt":"2025-10-09T09:32:01","guid":{"rendered":"http:\/\/zsp15.root.edu.wroclaw.pl\/?page_id=2"},"modified":"2026-04-08T09:10:29","modified_gmt":"2026-04-08T07:10:29","slug":"przykladowa-strona","status":"publish","type":"page","link":"https:\/\/zsp15.edu.wroclaw.pl\/","title":{"rendered":"Strona G\u0142\u00f3wna"},"content":{"rendered":"<div class=\"wpb-content-wrapper\"><p>[vc_row css=&#8221;.vc_custom_1762594173241{margin-right: -60px !important;margin-bottom: 30px !important;margin-left: -60px !important;}&#8221;][vc_column width=&#8221;1\/5&#8243;][vc_icon icon_fontawesome=&#8221;fa fa-solid fa-shield-halved&#8221; color=&#8221;custom&#8221; background_style=&#8221;boxed-outline&#8221; background_color=&#8221;custom&#8221; size=&#8221;xl&#8221; align=&#8221;center&#8221; css=&#8221;.vc_custom_1760696695837{margin-bottom: 0px !important;}&#8221; custom_background_color=&#8221;#3C4886&#8243; custom_color=&#8221;#3C4886&#8243; link=&#8221;url:https%3A%2F%2Fzsp15.edu.wroclaw.pl%2Findex.php%2Fstandardy-ochrony-maloletnich%2F|title:Standardy%20ochrony%20ma%C5%82oletnich&#8221;][vc_column_text css=&#8221;.vc_custom_1775632226341{margin-top: -20px !important;}&#8221;]<\/p>\n<h2 style=\"text-align: center;\"><span style=\"font-size: 20px;\">Standardy Ochrony Ma\u0142oletnich<\/span><\/h2>\n<p>[\/vc_column_text][\/vc_column][vc_column width=&#8221;1\/5&#8243;][vc_icon icon_fontawesome=&#8221;fa fa-solid fa-people-group&#8221; color=&#8221;custom&#8221; background_style=&#8221;boxed-outline&#8221; background_color=&#8221;custom&#8221; size=&#8221;xl&#8221; align=&#8221;center&#8221; css=&#8221;.vc_custom_1760697116486{margin-bottom: 0px !important;}&#8221; custom_background_color=&#8221;#3C4886&#8243; custom_color=&#8221;#3C4886&#8243; link=&#8221;url:https%3A%2F%2Fzsp15.edu.wroclaw.pl%2Findex.php%2Fstruktura-organizacyjna%2F|title:Dokumenty&#8221;][vc_column_text css=&#8221;.vc_custom_1760697100029{margin-top: -20px !important;}&#8221;]<\/p>\n<h2 style=\"text-align: center;\"><span style=\"font-size: 20px;\">Struktura Organizacyjna<\/span><\/h2>\n<p>[\/vc_column_text][\/vc_column][vc_column width=&#8221;1\/5&#8243;][vc_icon icon_fontawesome=&#8221;fa fa-regular fa-file-lines&#8221; color=&#8221;custom&#8221; background_style=&#8221;boxed-outline&#8221; background_color=&#8221;custom&#8221; size=&#8221;xl&#8221; align=&#8221;center&#8221; css=&#8221;.vc_custom_1760696718397{margin-bottom: 0px !important;}&#8221; custom_background_color=&#8221;#3C4886&#8243; custom_color=&#8221;#3C4886&#8243; link=&#8221;url:https%3A%2F%2Fzsp15.edu.wroclaw.pl%2Findex.php%2Fdokumenty%2F|title:Dokumenty&#8221;][vc_column_text css=&#8221;.vc_custom_1747824888680{margin-top: -20px !important;}&#8221;]<\/p>\n<h2 style=\"text-align: center;\"><span style=\"font-size: 20px;\">Dokumenty<\/span><\/h2>\n<p>[\/vc_column_text][\/vc_column][vc_column width=&#8221;1\/5&#8243;][vc_icon icon_fontawesome=&#8221;fa fa-solid fa-user-graduate&#8221; color=&#8221;custom&#8221; background_style=&#8221;boxed-outline&#8221; background_color=&#8221;custom&#8221; size=&#8221;xl&#8221; align=&#8221;center&#8221; css=&#8221;.vc_custom_1760696732669{margin-bottom: 0px !important;}&#8221; custom_background_color=&#8221;#3C4886&#8243; custom_color=&#8221;#3C4886&#8243; link=&#8221;url:https%3A%2F%2Fzsp15.edu.wroclaw.pl%2Findex.php%2Frekrutacja%2F|title:Rekrutacja&#8221;][vc_column_text css=&#8221;.vc_custom_1747824897139{margin-top: -20px !important;}&#8221;]<\/p>\n<h2 style=\"text-align: center;\"><span style=\"font-size: 20px;\">Rekrutacja<\/span><\/h2>\n<p>[\/vc_column_text][\/vc_column][vc_column width=&#8221;1\/5&#8243;][vc_icon icon_fontawesome=&#8221;fa fa-solid fa-layer-group&#8221; color=&#8221;custom&#8221; background_style=&#8221;boxed-outline&#8221; background_color=&#8221;custom&#8221; size=&#8221;xl&#8221; align=&#8221;center&#8221; css=&#8221;.vc_custom_1760696746068{margin-bottom: 0px !important;}&#8221; custom_background_color=&#8221;#3C4886&#8243; custom_color=&#8221;#3C4886&#8243; link=&#8221;url:https%3A%2F%2Fzsp15.edu.wroclaw.pl%2Findex.php%2Frodo%2F|title:RODO&#8221;][vc_column_text css=&#8221;.vc_custom_1747824907680{margin-top: -20px !important;}&#8221;]<\/p>\n<h2 style=\"text-align: center;\"><span style=\"font-size: 20px;\">RODO<\/span><\/h2>\n<p>[\/vc_column_text][\/vc_column][\/vc_row][vc_row][vc_column width=&#8221;2\/3&#8243;][vc_column_text css=&#8221;.vc_custom_1760695977353{margin-bottom: 0px !important;}&#8221;]<\/p>\n<h1 style=\"text-align: center;\"><span style=\"font-size: 48px;\">O Zespole\u00a0<\/span><\/h1>\n<p>[\/vc_column_text][vc_separator color=&#8221;custom&#8221; border_width=&#8221;2&#8243; el_width=&#8221;40&#8243; css=&#8221;.vc_custom_1762594476293{margin-top: -15px !important;}&#8221; accent_color=&#8221;#535D90&#8243;][vc_column_text css=&#8221;&#8221;]<span data-contrast=\"auto\">Zesp\u00f3\u0142 Szkolno-Przedszkolny nr 15 we Wroc\u0142awiu, mieszcz\u0105cy si\u0119 przy ul. Stanis\u0142awowskiej <\/span><span data-contrast=\"auto\">38-44 zosta\u0142 utworzony 1 wrze\u015bnia 2009 roku. <\/span><span data-ccp-props=\"{&quot;335551550&quot;:6,&quot;335551620&quot;:6}\">\u00a0<\/span><\/p>\n<p><span data-contrast=\"auto\">Jest to nowoczesna i przyjazna dzieciom plac\u00f3wka edukacyjna, w sk\u0142ad kt\u00f3rej wchodz\u0105 Szko\u0142a Podstawowa nr 25 im. Franciszka Juszczaka oraz Przedszkole nr 11, tworz\u0105c sp\u00f3jn\u0105, otwart\u0105 <\/span><br \/>\n<span data-contrast=\"auto\">i dynamicznie rozwijaj\u0105c\u0105 si\u0119 spo\u0142eczno\u015b\u0107 uczni\u00f3w, wychowank\u00f3w, nauczycieli i rodzic\u00f3w.<\/span><span data-ccp-props=\"{&quot;335551550&quot;:6,&quot;335551620&quot;:6}\"> <span class=\"TextRun SCXW85295762 BCX0\" lang=\"PL-PL\" xml:lang=\"PL-PL\" data-contrast=\"auto\"><span class=\"NormalTextRun SCXW85295762 BCX0\">Dysponujemy nowoczesn\u0105 i dobrze wyposa\u017con\u0105 baz\u0105 dydaktyczn\u0105, kt\u00f3ra umo\u017cliwia realizacj\u0119 ciekawych zaj\u0119\u0107, innowacyjnych projekt\u00f3w i r\u00f3\u017cnorodnych form aktywno\u015bci.<\/span><\/span><span class=\"EOP SCXW85295762 BCX0\" data-ccp-props=\"{&quot;335551550&quot;:6,&quot;335551620&quot;:6}\">\u00a0<\/span><\/span>[\/vc_column_text][\/vc_column][vc_column width=&#8221;1\/3&#8243;][vc_single_image image=&#8221;209&#8243; img_size=&#8221;full&#8221; alignment=&#8221;center&#8221; style=&#8221;vc_box_rounded&#8221; css=&#8221;.vc_custom_1762499856896{margin-top: 140px !important;}&#8221;][\/vc_column][\/vc_row][vc_row][vc_column][vc_basic_grid post_type=&#8221;post&#8221; max_items=&#8221;-1&#8243; style=&#8221;pagination&#8221; items_per_page=&#8221;4&#8243; paging_design=&#8221;pagination_default_dark&#8221; paging_color=&#8221;mulled_wine&#8221; item=&#8221;53&#8243; initial_loading_animation=&#8221;zoomInDown&#8221; css=&#8221;&#8221; grid_id=&#8221;vc_gid:1775632213066-d66071c3-4b50-10&#8243; taxonomies=&#8221;1&#8243;][\/vc_column][\/vc_row]<\/p>\n<\/div>","protected":false},"excerpt":{"rendered":"<p>[vc_row css=&#8221;.vc_custom_1762594173241{margin-right: -60px !important;margin-bottom: 30px !important;margin-left: -60px !important;}&#8221;][vc_column width=&#8221;1\/5&#8243;][vc_icon icon_fontawesome=&#8221;fa fa-solid fa-shield-halved&#8221; color=&#8221;custom&#8221; background_style=&#8221;boxed-outline&#8221; background_color=&#8221;custom&#8221; size=&#8221;xl&#8221; align=&#8221;center&#8221; css=&#8221;.vc_custom_1760696695837{margin-bottom: 0px !important;}&#8221; custom_background_color=&#8221;#3C4886&#8243; custom_color=&#8221;#3C4886&#8243; link=&#8221;url:https%3A%2F%2Fzsp15.edu.wroclaw.pl%2Findex.php%2Fstandardy-ochrony-maloletnich%2F|title:Standardy%20ochrony%20ma%C5%82oletnich&#8221;][vc_column_text css=&#8221;.vc_custom_1775632226341{margin-top: -20px !important;}&#8221;] Standardy Ochrony Ma\u0142oletnich [\/vc_column_text][\/vc_column][vc_column [&hellip;]<\/p>\n","protected":false},"author":7,"featured_media":0,"parent":0,"menu_order":0,"comment_status":"closed","ping_status":"open","template":"","meta":{"footnotes":""},"class_list":["post-2","page","type-page","status-publish","hentry","clearfix"],"_links":{"self":[{"href":"https:\/\/zsp15.edu.wroclaw.pl\/index.php\/wp-json\/wp\/v2\/pages\/2","targetHints":{"allow":["GET"]}}],"collection":[{"href":"https:\/\/zsp15.edu.wroclaw.pl\/index.php\/wp-json\/wp\/v2\/pages"}],"about":[{"href":"https:\/\/zsp15.edu.wroclaw.pl\/index.php\/wp-json\/wp\/v2\/types\/page"}],"author":[{"embeddable":true,"href":"https:\/\/zsp15.edu.wroclaw.pl\/index.php\/wp-json\/wp\/v2\/users\/7"}],"replies":[{"embeddable":true,"href":"https:\/\/zsp15.edu.wroclaw.pl\/index.php\/wp-json\/wp\/v2\/comments?post=2"}],"version-history":[{"count":24,"href":"https:\/\/zsp15.edu.wroclaw.pl\/index.php\/wp-json\/wp\/v2\/pages\/2\/revisions"}],"predecessor-version":[{"id":1207,"href":"https:\/\/zsp15.edu.wroclaw.pl\/index.php\/wp-json\/wp\/v2\/pages\/2\/revisions\/1207"}],"wp:attachment":[{"href":"https:\/\/zsp15.edu.wroclaw.pl\/index.php\/wp-json\/wp\/v2\/media?parent=2"}],"curies":[{"name":"wp","href":"https:\/\/api.w.org\/{rel}","templated":true}]}}