
{"id":213,"date":"2025-11-07T08:35:14","date_gmt":"2025-11-07T07:35:14","guid":{"rendered":"https:\/\/zsp15.edu.wroclaw.pl\/?page_id=213"},"modified":"2025-12-18T11:50:43","modified_gmt":"2025-12-18T10:50:43","slug":"rekrutacja-sp25","status":"publish","type":"page","link":"https:\/\/zsp15.edu.wroclaw.pl\/index.php\/szkola-podstawowa-nr-25\/rekrutacja-sp25\/","title":{"rendered":"Rekrutacja"},"content":{"rendered":"<div class=\"wpb-content-wrapper\"><p>[vc_row][vc_column width=&#8221;2\/3&#8243;][vc_column_text]<\/p>\n<h2 style=\"text-align: center;\"><span style=\"font-size: 28px;\">Rekrutacja 2025\/26<\/span><\/h2>\n<p style=\"text-align: center;\"><a href=\"https:\/\/rekrutacje.edu.wroclaw.pl\/elemento-public\/\" target=\"_blank\" rel=\"noopener\">Kompleksowy System Rekrutacji<\/a><br \/>\n<a href=\"https:\/\/www.wroclaw.pl\/dla-mieszkanca\/rekrutacja-do-szkol-podstawowych-we-wroclawiu-2025-2026-najwazniejsze-informacje\" target=\"_blank\" rel=\"noopener\">Rekrutacja do wroc\u0142awskich szk\u00f3\u0142 podstawowych<\/a><br \/>\n<a href=\"https:\/\/zsp15.edu.wroclaw.pl\/wp-content\/uploads\/sites\/87\/2025\/11\/SP-Rekrutacja.ppt\" target=\"_blank\" rel=\"noopener\">Rekrutacja.ppt (1 MB)<\/a><br \/>\n<a href=\"https:\/\/zsp15.edu.wroclaw.pl\/wp-content\/uploads\/sites\/87\/2025\/11\/zasady_naboru-klasy_I_w_-SP-2025.docx\" target=\"_blank\" rel=\"noopener\">Zasady naboru.docx (128 KB)<\/a><br \/>\n<a href=\"https:\/\/zsp15.edu.wroclaw.pl\/wp-content\/uploads\/sites\/87\/2025\/11\/uchwala_ws_kryteriow-SP.pdf\" target=\"_blank\" rel=\"noopener\">Uchwa\u0142a ws. kryteri\u00f3w.pdf (716 KB)<\/a><br \/>\n<a href=\"https:\/\/zsp15.edu.wroclaw.pl\/wp-content\/uploads\/sites\/87\/2025\/11\/zarzadzenie_ws_terminow.pdf\" target=\"_blank\" rel=\"noopener\">Zarz\u0105dzenie ws. terminu naboru.pdf (289 KB)<\/a><\/p>\n<p style=\"text-align: center;\"><a href=\"https:\/\/zsp15.edu.wroclaw.pl\/wp-content\/uploads\/sites\/87\/2025\/11\/regulamin_rekrutacji_2024.pdf\" target=\"_blank\" rel=\"noopener\">Regulamin rekrutacji do klasy I.pdf (4.1 MB)<\/a><\/p>\n<h3 style=\"text-align: center;\">Wirtualne drzwi otwarte w SP 25<\/h3>\n<p style=\"text-align: center;\"><a href=\"https:\/\/zsp15.edu.wroclaw.pl\/wp-content\/uploads\/zsp15\/Klasy_1_3_SP25.mp4\" target=\"_blank\" rel=\"noopener\">Prezentacja klas I-III.mp4 (128 MB)<\/a><\/p>\n<p style=\"text-align: center;\"><a href=\"https:\/\/zsp15.edu.wroclaw.pl\/wp-content\/uploads\/sites\/87\/2025\/11\/Biblioteka_SP_25.pptx\" target=\"_blank\" rel=\"noopener\">Biblioteka.pptx (5 MB)<\/a><\/p>\n<p style=\"text-align: center;\"><a href=\"https:\/\/zsp15.edu.wroclaw.pl\/wp-content\/uploads\/sites\/87\/2025\/11\/PPP_SP_25_22_23.mp4\" target=\"_blank\" rel=\"noopener\">Pomoc Psychologiczno-Pedagogiczna.mp4 (13 MB)<\/a><\/p>\n<p style=\"text-align: center;\"><a href=\"https:\/\/www.canva.com\/design\/DAF9O1lUzak\/qY12O3-EPnjGGOx9mcsp2w\/view?utm_content=DAF9O1lUzak&amp;utm_campaign=designshare&amp;utm_medium=link&amp;utm_source=editor\" target=\"_blank\" rel=\"noopener\">\u015awietlica szkolna MROWISKO<\/a><\/p>\n<h2 style=\"text-align: center;\"><span style=\"font-size: 28px;\">Rekrutacja do klasy sportowej w SP nr 25<\/span><\/h2>\n<p><img loading=\"lazy\" decoding=\"async\" class=\"wp-image-229 size-large aligncenter\" src=\"https:\/\/zsp15.edu.wroclaw.pl\/wp-content\/uploads\/sites\/87\/2025\/11\/plakat_kl_sport-724x1024.jpg\" alt=\"Plakat\" width=\"724\" height=\"1024\" srcset=\"https:\/\/zsp15.edu.wroclaw.pl\/wp-content\/uploads\/sites\/87\/2025\/11\/plakat_kl_sport-724x1024.jpg 724w, https:\/\/zsp15.edu.wroclaw.pl\/wp-content\/uploads\/sites\/87\/2025\/11\/plakat_kl_sport-212x300.jpg 212w, https:\/\/zsp15.edu.wroclaw.pl\/wp-content\/uploads\/sites\/87\/2025\/11\/plakat_kl_sport-768x1086.jpg 768w, https:\/\/zsp15.edu.wroclaw.pl\/wp-content\/uploads\/sites\/87\/2025\/11\/plakat_kl_sport-1086x1536.jpg 1086w, https:\/\/zsp15.edu.wroclaw.pl\/wp-content\/uploads\/sites\/87\/2025\/11\/plakat_kl_sport-1448x2048.jpg 1448w, https:\/\/zsp15.edu.wroclaw.pl\/wp-content\/uploads\/sites\/87\/2025\/11\/plakat_kl_sport.jpg 1587w\" sizes=\"auto, (max-width: 724px) 100vw, 724px\" \/><\/p>\n<h3 style=\"text-align: center;\">Dokumenty rekrutacyjne do klasy sportowej<br \/>\n2025\/26<\/h3>\n<p style=\"text-align: center;\"><a href=\"https:\/\/zsp15.edu.wroclaw.pl\/wp-content\/uploads\/sites\/87\/2025\/11\/Podanie_o_przyjecie_zal_1.docx\" target=\"_blank\" rel=\"noopener\">Podanie o przyj\u0119cie &#8211; za\u0142. 1.docx (22 KB)<\/a><br \/>\n<a href=\"https:\/\/zsp15.edu.wroclaw.pl\/wp-content\/uploads\/sites\/87\/2025\/11\/Oswiadczenie_rodzica_zal_2.docx\" target=\"_blank\" rel=\"noopener\">O\u015bwiadczenie rodzica &#8211; za\u0142. 2.docx (13 KB)<\/a><br \/>\n<a href=\"https:\/\/zsp15.edu.wroclaw.pl\/wp-content\/uploads\/sites\/87\/2025\/11\/Opinia_wychowawcy_zal_3.docx\" target=\"_blank\" rel=\"noopener\">Opinia wychowawcy &#8211; za\u0142. 3.docx (13 KB)<\/a><br \/>\n<a href=\"https:\/\/zsp15.edu.wroclaw.pl\/wp-content\/uploads\/sites\/87\/2025\/11\/Deklaracja_zal_4.doc\" target=\"_blank\" rel=\"noopener\">Deklaracja &#8211; za\u0142. 4.doc (28 KB)<\/a><br \/>\n<a href=\"https:\/\/zsp15.edu.wroclaw.pl\/wp-content\/uploads\/sites\/87\/2025\/11\/Sprawdzian_predyspozycji.pdf\" target=\"_blank\" rel=\"noopener\">Sprawdzian predyspozycji &#8211; za\u0142 5.pdf (128 KB)<\/a><br \/>\n<a href=\"https:\/\/zsp15.edu.wroclaw.pl\/wp-content\/uploads\/sites\/87\/2025\/11\/Terminy_rekrutacji_klasa_sportowa.pdf\" target=\"_blank\" rel=\"noopener\">Terminy post\u0119powania rekrutacyjnego oraz sk\u0142adania dokument\u00f3w.pdf (103 KB)<\/a><br \/>\n<a href=\"https:\/\/zsp15.edu.wroclaw.pl\/wp-content\/uploads\/sites\/87\/2025\/11\/Regulamin.pdf\" target=\"_blank\" rel=\"noopener\">Regulamin.pdf (192 KB)<\/a>[\/vc_column_text][\/vc_column][vc_column width=&#8221;1\/3&#8243;][vc_btn title=&#8221;Przyj\u0119cie dzieci z Ukrainy&#8221; color=&#8221;peacoc&#8221; size=&#8221;lg&#8221; align=&#8221;center&#8221; css=&#8221;&#8221; button_block=&#8221;true&#8221; link=&#8221;url:https%3A%2F%2Fzsp15.edu.wroclaw.pl%2Findex.php%2Fprzyjecie-dzieci-z-ukrainy%2F|title:Przyj%C4%99cie%20dzieci%20z%20Ukrainy&#8221;][vc_single_image image=&#8221;408&#8243; img_size=&#8221;full&#8221; css=&#8221;.vc_custom_1766054775247{margin-bottom: 0px !important;}&#8221;][\/vc_column][\/vc_row]<\/p>\n<\/div>","protected":false},"excerpt":{"rendered":"<p>[vc_row][vc_column width=&#8221;2\/3&#8243;][vc_column_text] Rekrutacja 2025\/26 Kompleksowy System Rekrutacji Rekrutacja do wroc\u0142awskich szk\u00f3\u0142 podstawowych Rekrutacja.ppt (1 MB) Zasady naboru.docx (128 KB) Uchwa\u0142a ws. kryteri\u00f3w.pdf (716 KB) Zarz\u0105dzenie ws. terminu naboru.pdf (289 KB) [&hellip;]<\/p>\n","protected":false},"author":7,"featured_media":0,"parent":19,"menu_order":0,"comment_status":"closed","ping_status":"closed","template":"","meta":{"footnotes":""},"class_list":["post-213","page","type-page","status-publish","hentry","clearfix"],"_links":{"self":[{"href":"https:\/\/zsp15.edu.wroclaw.pl\/index.php\/wp-json\/wp\/v2\/pages\/213","targetHints":{"allow":["GET"]}}],"collection":[{"href":"https:\/\/zsp15.edu.wroclaw.pl\/index.php\/wp-json\/wp\/v2\/pages"}],"about":[{"href":"https:\/\/zsp15.edu.wroclaw.pl\/index.php\/wp-json\/wp\/v2\/types\/page"}],"author":[{"embeddable":true,"href":"https:\/\/zsp15.edu.wroclaw.pl\/index.php\/wp-json\/wp\/v2\/users\/7"}],"replies":[{"embeddable":true,"href":"https:\/\/zsp15.edu.wroclaw.pl\/index.php\/wp-json\/wp\/v2\/comments?post=213"}],"version-history":[{"count":15,"href":"https:\/\/zsp15.edu.wroclaw.pl\/index.php\/wp-json\/wp\/v2\/pages\/213\/revisions"}],"predecessor-version":[{"id":411,"href":"https:\/\/zsp15.edu.wroclaw.pl\/index.php\/wp-json\/wp\/v2\/pages\/213\/revisions\/411"}],"up":[{"embeddable":true,"href":"https:\/\/zsp15.edu.wroclaw.pl\/index.php\/wp-json\/wp\/v2\/pages\/19"}],"wp:attachment":[{"href":"https:\/\/zsp15.edu.wroclaw.pl\/index.php\/wp-json\/wp\/v2\/media?parent=213"}],"curies":[{"name":"wp","href":"https:\/\/api.w.org\/{rel}","templated":true}]}}