
{"id":24,"date":"2025-10-15T14:12:01","date_gmt":"2025-10-15T12:12:01","guid":{"rendered":"https:\/\/zsp15.edu.wroclaw.pl\/?page_id=24"},"modified":"2026-04-01T16:59:25","modified_gmt":"2026-04-01T14:59:25","slug":"rodo","status":"publish","type":"page","link":"https:\/\/zsp15.edu.wroclaw.pl\/index.php\/rodo\/","title":{"rendered":"RODO"},"content":{"rendered":"<ul>\n<li><a href=\"https:\/\/zsp15.edu.wroclaw.pl\/wp-content\/uploads\/sites\/87\/2026\/04\/Klauzula-edukacja_dziecka_w_placowce.pdf\" target=\"_blank\" rel=\"noopener\">Klauzula &#8211; edukacja_dziecka_w_plac\u00f3wcea.pdf(85KB)<\/a><\/li>\n<li><a href=\"https:\/\/zsp15.edu.wroclaw.pl\/wp-content\/uploads\/sites\/87\/2026\/04\/Klauzula-ewidencja_wejscia_wyjscia\u0087.pdf\" target=\"_blank\" rel=\"noopener\">Klauzula &#8211; ewidencja_wej\u015bcia_wyj\u015bcia.pdf(80KB)<\/a><\/li>\n<li><a href=\"https:\/\/zsp15.edu.wroclaw.pl\/wp-content\/uploads\/sites\/87\/2026\/04\/Klauzula-opiekun_wycieczki.pdf\" target=\"_blank\" rel=\"noopener\">Klauzula &#8211; opiekun_wycieczki.pdf(91KB)<\/a><\/li>\n<li><a href=\"https:\/\/zsp15.edu.wroclaw.pl\/wp-content\/uploads\/sites\/87\/2026\/04\/Klauzula-PPK.pdf\" target=\"_blank\" rel=\"noopener\">Klauzula &#8211; Pracownicze Plany Kapta\u0142owe(PPK).pdf(164KB)<\/a><\/li>\n<li><a href=\"https:\/\/zsp15.edu.wroclaw.pl\/wp-content\/uploads\/sites\/87\/2026\/04\/Klauzula-rekrutacja_pracownika.pdf\" target=\"_blank\" rel=\"noopener\">Klauzula &#8211; rekrutacja_pracownika.pdf(100KB)<\/a><\/li>\n<li><a href=\"https:\/\/zsp15.edu.wroclaw.pl\/wp-content\/uploads\/sites\/87\/2026\/04\/Klauzula-stopka_mailowa.pdf\" target=\"_blank\" rel=\"noopener\">Klauzula &#8211; stopka_mailowa.pdf(67)<\/a><\/li>\n<li><a href=\"https:\/\/zsp15.edu.wroclaw.pl\/wp-content\/uploads\/sites\/87\/2026\/04\/Klauzula-strona_www.pdf\" target=\"_blank\" rel=\"noopener\">Klauzula &#8211; strona_www.pdf(69KB)<\/a><\/li>\n<li><a href=\"https:\/\/zsp15.edu.wroclaw.pl\/wp-content\/uploads\/sites\/87\/2026\/04\/Klauzula-umowa_najmu.pdf\" target=\"_blank\" rel=\"noopener\">Klauzula &#8211; umowa_najmu.pdf(84KB)<\/a><\/li>\n<li><a href=\"https:\/\/zsp15.edu.wroclaw.pl\/wp-content\/uploads\/sites\/87\/2026\/04\/Klauzula-umowa.pdf\" target=\"_blank\" rel=\"noopener\">Klauzula &#8211; umowa.pdf(84KB)<\/a><\/li>\n<li><a href=\"https:\/\/zsp15.edu.wroclaw.pl\/wp-content\/uploads\/sites\/87\/2026\/04\/Klauzula-zamowienia_publiczne.pdf\" target=\"_blank\" rel=\"noopener\">Klauzula &#8211; zam\u00f3wienia_publiczne.pdf(110KB)<\/a><\/li>\n<li><a href=\"https:\/\/zsp15.edu.wroclaw.pl\/wp-content\/uploads\/sites\/87\/2026\/04\/Klauzula-zl\u0082ozenie_pisma_w_placowce.pdf\" target=\"_blank\" rel=\"noopener\">Klauzula &#8211; z\u0142o\u017cenie_pisma_w plac\u00f3wce.pdf(96KB)<\/a><\/li>\n<li><a href=\"https:\/\/zsp15.edu.wroclaw.pl\/wp-content\/uploads\/sites\/87\/2026\/04\/Klauzula-zlozenie_pisma_wersja_skrocona.pdf\" target=\"_blank\" rel=\"noopener\">Klauzula &#8211; z\u0142o\u017cenie_pisma_wersja_skr\u00f3cona.pdf(133KB)<\/a><\/li>\n<li><a href=\"https:\/\/zsp15.edu.wroclaw.pl\/wp-content\/uploads\/sites\/87\/2026\/04\/Klauzula-monitoring.pdf\" target=\"_blank\" rel=\"noopener\">Klauzula &#8211; monitoring.pdf(68KB)<\/a><\/li>\n<li><a href=\"https:\/\/zsp15.edu.wroclaw.pl\/wp-content\/uploads\/sites\/87\/2026\/04\/Klauzula-poste\u0099powanie_administracyjne.pdf\" target=\"_blank\" rel=\"noopener\">Klauzula &#8211; post\u0119powanie_administracyjne.pdf(105KB)<\/a><\/li>\n<li><a href=\"https:\/\/zsp15.edu.wroclaw.pl\/wp-content\/uploads\/sites\/87\/2026\/04\/Klauzula-praktykanci.pdf\" target=\"_blank\" rel=\"noopener\">Klauzula &#8211; praktykanci.pdf(79KB)<\/a><\/li>\n<\/ul>\n<p>&nbsp;<\/p>\n<p><strong>Inspektor Ochrony Danych<\/strong><\/p>\n<p>Natalia Saleniuk<\/p>\n<p>e-mail: n.saleniuk@coreconsulting.pl<\/p>\n","protected":false},"excerpt":{"rendered":"<p>Klauzula &#8211; edukacja_dziecka_w_plac\u00f3wcea.pdf(85KB) Klauzula &#8211; ewidencja_wej\u015bcia_wyj\u015bcia.pdf(80KB) Klauzula &#8211; opiekun_wycieczki.pdf(91KB) Klauzula &#8211; Pracownicze Plany Kapta\u0142owe(PPK).pdf(164KB) Klauzula &#8211; rekrutacja_pracownika.pdf(100KB) Klauzula &#8211; stopka_mailowa.pdf(67) Klauzula &#8211; strona_www.pdf(69KB) Klauzula &#8211; umowa_najmu.pdf(84KB) Klauzula &#8211; umowa.pdf(84KB) Klauzula [&hellip;]<\/p>\n","protected":false},"author":7,"featured_media":0,"parent":0,"menu_order":0,"comment_status":"closed","ping_status":"closed","template":"","meta":{"footnotes":""},"class_list":["post-24","page","type-page","status-publish","hentry","clearfix"],"_links":{"self":[{"href":"https:\/\/zsp15.edu.wroclaw.pl\/index.php\/wp-json\/wp\/v2\/pages\/24","targetHints":{"allow":["GET"]}}],"collection":[{"href":"https:\/\/zsp15.edu.wroclaw.pl\/index.php\/wp-json\/wp\/v2\/pages"}],"about":[{"href":"https:\/\/zsp15.edu.wroclaw.pl\/index.php\/wp-json\/wp\/v2\/types\/page"}],"author":[{"embeddable":true,"href":"https:\/\/zsp15.edu.wroclaw.pl\/index.php\/wp-json\/wp\/v2\/users\/7"}],"replies":[{"embeddable":true,"href":"https:\/\/zsp15.edu.wroclaw.pl\/index.php\/wp-json\/wp\/v2\/comments?post=24"}],"version-history":[{"count":13,"href":"https:\/\/zsp15.edu.wroclaw.pl\/index.php\/wp-json\/wp\/v2\/pages\/24\/revisions"}],"predecessor-version":[{"id":1199,"href":"https:\/\/zsp15.edu.wroclaw.pl\/index.php\/wp-json\/wp\/v2\/pages\/24\/revisions\/1199"}],"wp:attachment":[{"href":"https:\/\/zsp15.edu.wroclaw.pl\/index.php\/wp-json\/wp\/v2\/media?parent=24"}],"curies":[{"name":"wp","href":"https:\/\/api.w.org\/{rel}","templated":true}]}}