
{"id":26,"date":"2025-10-15T14:12:23","date_gmt":"2025-10-15T12:12:23","guid":{"rendered":"https:\/\/zsp15.edu.wroclaw.pl\/?page_id=26"},"modified":"2026-03-18T09:54:55","modified_gmt":"2026-03-18T08:54:55","slug":"kontakt","status":"publish","type":"page","link":"https:\/\/zsp15.edu.wroclaw.pl\/index.php\/kontakt\/","title":{"rendered":"Kontakt"},"content":{"rendered":"<div class=\"wpb-content-wrapper\"><p>[vc_row][vc_column][vc_raw_html css=&#8221;&#8221;]JTNDaWZyYW1lJTIwc3JjJTNEJTIyaHR0cHMlM0ElMkYlMkZ3d3cuZ29vZ2xlLmNvbSUyRm1hcHMlMkZlbWJlZCUzRnBiJTNEJTIxMW0xOCUyMTFtMTIlMjExbTMlMjExZDEzNjYuMjQ5NDc0NTkxMTkyJTIxMmQxNi45NDkyNzYyMzIxMzIyMzUlMjEzZDUxLjA5NTMxMjUzNzY0OTk2JTIxMm0zJTIxMWYwJTIxMmYwJTIxM2YwJTIxM20yJTIxMWkxMDI0JTIxMmk3NjglMjE0ZjEzLjElMjEzbTMlMjExbTIlMjExczB4NDcwZmMxYmM0ZDUxNjYzZiUyNTNBMHgyM2U3NmY4NzgzY2Q1OGU1JTIxMnNTUCUyNTIwMjUlMjUyMGltLiUyNTIwRnJhbmNpc3prYSUyNTIwSnVzemN6YWthLiUyMTVlMCUyMTNtMiUyMTFzcGwlMjEyc3BsJTIxNHYxNzYyNTE1OTE0ODk0JTIxNW0yJTIxMXNwbCUyMTJzcGwlMjIlMjB3aWR0aCUzRCUyMjEwMCUyNSUyMiUyMGhlaWdodCUzRCUyMjI1MCUyMiUyMHN0eWxlJTNEJTIyYm9yZGVyJTNBMCUzQiUyMiUyMGFsbG93ZnVsbHNjcmVlbiUzRCUyMiUyMiUyMGxvYWRpbmclM0QlMjJsYXp5JTIyJTIwcmVmZXJyZXJwb2xpY3klM0QlMjJuby1yZWZlcnJlci13aGVuLWRvd25ncmFkZSUyMiUzRSUzQyUyRmlmcmFtZSUzRQ==[\/vc_raw_html][vc_column_text css=&#8221;&#8221;]<\/p>\n<h1 style=\"text-align: center;\"><strong><span style=\"font-size: 48px;\">Zesp\u00f3\u0142 Szkolno-Przedszkolny nr 15<\/span><\/strong><span style=\"font-size: 42pt; color: #3176af;\"><br \/>\n<\/span><\/h1>\n<p>[\/vc_column_text][vc_separator color=&#8221;custom&#8221; border_width=&#8221;4&#8243; el_width=&#8221;60&#8243; css=&#8221;.vc_custom_1762514274153{margin-top: -45px !important;}&#8221; accent_color=&#8221;#535D90&#8243;][vc_column_text css=&#8221;&#8221;]<\/p>\n<h2 style=\"text-align: center;\"><span style=\"color: #800000;\">Drodzy Rodzice!<\/span><br \/>\n<span style=\"color: #800000;\">Prosimy o za\u0142atwianie spraw dotycz\u0105cych uczni\u00f3w<\/span><br \/>\n<span style=\"color: #800000;\">w sekretariacie uczniowskim &#8211;\u00a0tel. 71 783 14 67,<\/span><br \/>\n<span style=\"color: #800000;\">a\u00a0obiad\u00f3w &#8211; tel.\u00a0 71 783 14 50<\/span><\/h2>\n<p>[\/vc_column_text][\/vc_column][\/vc_row][vc_row][vc_column width=&#8221;1\/2&#8243;][vc_single_image image=&#8221;244&#8243; img_size=&#8221;full&#8221; css=&#8221;.vc_custom_1762514366712{margin-top: 40px !important;}&#8221;][\/vc_column][vc_column width=&#8221;1\/2&#8243; css=&#8221;.vc_custom_1766053537530{margin-top: 40px !important;}&#8221;][vc_cta h2=&#8221;&#8221; css=&#8221;.vc_custom_1762516364615{padding-top: 0px !important;padding-bottom: 0px !important;}&#8221;]ul. Stanis\u0142awowska 38-44<br \/>\n54-611 Wroc\u0142aw<br \/>\ntel. 71 783 14 50<br \/>\ne-mail: sekretariat.zsp15@wroclawskaedukacja.pl[\/vc_cta][vc_cta h2=&#8221;Szko\u0142a Podstawowa nr 25&#8243; add_icon=&#8221;left&#8221; i_icon_fontawesome=&#8221;fa fa-solid fa-school&#8221; i_color=&#8221;custom&#8221; i_size=&#8221;sm&#8221; css=&#8221;.vc_custom_1773823801744{margin-bottom: 10px !important;padding-top: 0px !important;padding-bottom: 0px !important;}&#8221; i_custom_color=&#8221;#3b6a94&#8243;]<\/p>\n<h3>Telefony<\/h3>\n<p>kancelaria 71 783 14 50<br \/>\nsekretariat\u00a071 783 14 61<\/p>\n<h3><span style=\"font-size: 20px;\">sekretariat\u00a0\u00a0uczniowski 71 783 1467<\/span><\/h3>\n<p>dy\u017curka\u00a0 71 783 14 51<br \/>\nksi\u0119gowo\u015b\u0107\u00a0 71 783 14 52<br \/>\nkadry 71 783 14 65<br \/>\nzg\u0142aszanie obiad\u00f3w 71 783 14 50<\/p>\n<h3><span style=\"font-size: 20px;\">wicedyrektorzy<\/span><\/h3>\n<p>wicedyrektor szko\u0142y &#8211; klasy starsze 71 783 14 62<br \/>\nwicedyrektor szko\u0142y\u00a0 &#8211; klasy m\u0142odsze 71 783 14 56<\/p>\n<h3><span style=\"font-size: 20px;\">pok\u00f3j nauczycielski<\/span><\/h3>\n<p>pok\u00f3j nauczycieli\u00a0 Przedszkola Nr 11\u00a0\u00a071 783 14 63<br \/>\nm\u0142odsze klasy\u00a0\u00a071 783 14 58<br \/>\npok\u00f3j nauczycieli w-f\u00a0 71 798 69 21 w. 203<\/p>\n<h3><span style=\"font-size: 20px;\">\u015bwietlica<\/span><\/h3>\n<p>I pi\u0119tro 71 783 14 54<br \/>\nII pi\u0119tro 71 783 14 64<\/p>\n<h3><span style=\"font-size: 20px;\">specjali\u015bci<\/span><\/h3>\n<p>pedagog\u00a0 71 783 14 66 \/ 71 783 14 55<br \/>\nlogopeda 71 783 14 68<br \/>\npiel\u0119gniarka 71 798 69 21 w. 170<\/p>\n<h3><span style=\"font-size: 20px;\">biblioteka<\/span><\/h3>\n<p>71 798 69 21 w. 130[\/vc_cta][vc_cta h2=&#8221;Przedszkole nr 11&#8243; add_icon=&#8221;left&#8221; i_icon_fontawesome=&#8221;fa fa-solid fa-children&#8221; i_color=&#8221;custom&#8221; i_size=&#8221;sm&#8221; css=&#8221;.vc_custom_1762517640503{margin-bottom: 10px !important;padding-top: 0px !important;padding-bottom: 0px !important;}&#8221; i_custom_color=&#8221;#3b6a94&#8243;]Wicedyrektor\u00a0 71 783 14 59<\/p>\n<p>Sekretariat g\u0142\u00f3wny 71 783 14 61<\/p>\n<p>Sekretariat uczniowski (odpowiada za rekrutacj\u0119 do przedszkola) 71 783 14 67<\/p>\n<p>Intendent\u00a0 71 783 14 60<\/p>\n<p>Wo\u017ane\u00a0 71 783 14 69<\/p>\n<p>&nbsp;<\/p>\n<p>[\/vc_cta][\/vc_column][\/vc_row]<\/p>\n<\/div>","protected":false},"excerpt":{"rendered":"<p>[vc_row][vc_column][vc_raw_html css=&#8221;&#8221;]JTNDaWZyYW1lJTIwc3JjJTNEJTIyaHR0cHMlM0ElMkYlMkZ3d3cuZ29vZ2xlLmNvbSUyRm1hcHMlMkZlbWJlZCUzRnBiJTNEJTIxMW0xOCUyMTFtMTIlMjExbTMlMjExZDEzNjYuMjQ5NDc0NTkxMTkyJTIxMmQxNi45NDkyNzYyMzIxMzIyMzUlMjEzZDUxLjA5NTMxMjUzNzY0OTk2JTIxMm0zJTIxMWYwJTIxMmYwJTIxM2YwJTIxM20yJTIxMWkxMDI0JTIxMmk3NjglMjE0ZjEzLjElMjEzbTMlMjExbTIlMjExczB4NDcwZmMxYmM0ZDUxNjYzZiUyNTNBMHgyM2U3NmY4NzgzY2Q1OGU1JTIxMnNTUCUyNTIwMjUlMjUyMGltLiUyNTIwRnJhbmNpc3prYSUyNTIwSnVzemN6YWthLiUyMTVlMCUyMTNtMiUyMTFzcGwlMjEyc3BsJTIxNHYxNzYyNTE1OTE0ODk0JTIxNW0yJTIxMXNwbCUyMTJzcGwlMjIlMjB3aWR0aCUzRCUyMjEwMCUyNSUyMiUyMGhlaWdodCUzRCUyMjI1MCUyMiUyMHN0eWxlJTNEJTIyYm9yZGVyJTNBMCUzQiUyMiUyMGFsbG93ZnVsbHNjcmVlbiUzRCUyMiUyMiUyMGxvYWRpbmclM0QlMjJsYXp5JTIyJTIwcmVmZXJyZXJwb2xpY3klM0QlMjJuby1yZWZlcnJlci13aGVuLWRvd25ncmFkZSUyMiUzRSUzQyUyRmlmcmFtZSUzRQ==[\/vc_raw_html][vc_column_text css=&#8221;&#8221;] Zesp\u00f3\u0142 Szkolno-Przedszkolny nr 15 [\/vc_column_text][vc_separator color=&#8221;custom&#8221; border_width=&#8221;4&#8243; el_width=&#8221;60&#8243; css=&#8221;.vc_custom_1762514274153{margin-top: -45px !important;}&#8221; accent_color=&#8221;#535D90&#8243;][vc_column_text css=&#8221;&#8221;] Drodzy Rodzice! Prosimy o za\u0142atwianie spraw dotycz\u0105cych uczni\u00f3w w sekretariacie uczniowskim &#8211;\u00a0tel. 71 783 [&hellip;]<\/p>\n","protected":false},"author":7,"featured_media":0,"parent":0,"menu_order":0,"comment_status":"closed","ping_status":"closed","template":"","meta":{"footnotes":""},"class_list":["post-26","page","type-page","status-publish","hentry","clearfix"],"_links":{"self":[{"href":"https:\/\/zsp15.edu.wroclaw.pl\/index.php\/wp-json\/wp\/v2\/pages\/26","targetHints":{"allow":["GET"]}}],"collection":[{"href":"https:\/\/zsp15.edu.wroclaw.pl\/index.php\/wp-json\/wp\/v2\/pages"}],"about":[{"href":"https:\/\/zsp15.edu.wroclaw.pl\/index.php\/wp-json\/wp\/v2\/types\/page"}],"author":[{"embeddable":true,"href":"https:\/\/zsp15.edu.wroclaw.pl\/index.php\/wp-json\/wp\/v2\/users\/7"}],"replies":[{"embeddable":true,"href":"https:\/\/zsp15.edu.wroclaw.pl\/index.php\/wp-json\/wp\/v2\/comments?post=26"}],"version-history":[{"count":12,"href":"https:\/\/zsp15.edu.wroclaw.pl\/index.php\/wp-json\/wp\/v2\/pages\/26\/revisions"}],"predecessor-version":[{"id":242,"href":"https:\/\/zsp15.edu.wroclaw.pl\/index.php\/wp-json\/wp\/v2\/pages\/26\/revisions\/242"}],"wp:attachment":[{"href":"https:\/\/zsp15.edu.wroclaw.pl\/index.php\/wp-json\/wp\/v2\/media?parent=26"}],"curies":[{"name":"wp","href":"https:\/\/api.w.org\/{rel}","templated":true}]}}