
{"id":400,"date":"2025-12-18T11:10:06","date_gmt":"2025-12-18T10:10:06","guid":{"rendered":"https:\/\/zsp15.edu.wroclaw.pl\/?page_id=400"},"modified":"2026-01-29T11:19:58","modified_gmt":"2026-01-29T10:19:58","slug":"sukcesy","status":"publish","type":"page","link":"https:\/\/zsp15.edu.wroclaw.pl\/index.php\/szkola-podstawowa-nr-25\/sukcesy\/","title":{"rendered":"Sukcesy"},"content":{"rendered":"<h2 style=\"text-align: center;\">2025\/2026<\/h2>\n<p style=\"text-align: center;\"><strong>Szkolny Konkurs Plastyczny &#8222;Kartka bo\u017conarodzeniowa&#8221;\u00a0<\/strong><br \/>\nklasy I &#8211; III<br \/>\nI miejsce &#8211; Wiktoria S. kl. 1c<br \/>\nII miejsce &#8211; Jagoda M. kl. 3b<br \/>\nIII miejsce &#8211; Martyna P. kl. 3b<br \/>\nWyr\u00f3\u017cnienia:<br \/>\nJulia W. kl. 3c, Rita Ch. kl. 3d, Magdalena N. kl. 1e<\/p>\n<hr \/>\n<p style=\"text-align: center;\"><strong>Szkolny Konkurs Plastyczny<\/strong><br \/>\n<strong>pt. \u201eKartka bo\u017conarodzeniowa w obcym j\u0119zyku\u201d\u00a0<\/strong><br \/>\nklasy I &#8211; III<br \/>\nI miejsce \u2013 Nikodem \u0141. kl. 3c<br \/>\nII miejsce \u2013 Franciszek Z. kl. 3f<br \/>\nIII miejsce \u2013 Maksymilian M. kl. 1e<br \/>\nklasy IV &#8211; VIII<br \/>\nI miejsce &#8211; Maja B. kl.8c<br \/>\nII miejsce Amelia J. kl. 7d<br \/>\nIII miejsce ex a.equo &#8211; Antoni M. kl. 5b, Wojciech G. kl 5f<\/p>\n<hr \/>\n<p style=\"text-align: center;\"><strong>\u00a0XX Wroc\u0142awski Konkurs Matematyczny<\/strong><br \/>\n<strong>do etapu fina\u0142owego zakwalifikowali si\u0119:<\/strong><br \/>\nTomasz M. kl. 8b oraz Maciej R.kl.8d<\/p>\n<hr \/>\n<p style=\"text-align: center;\"><strong>Szkolny Konkurs Recytatorski uczni\u00f3w kl. 1-3<\/strong><br \/>\n<strong>&#8222;Spotkanie z wierszem&#8221;.<\/strong><br \/>\nI miejsce &#8211; Nika S. kl. 3g<br \/>\nII miejsce &#8211; Milena N. kl. 3g<br \/>\nIII miejsce &#8211; Aleksandra K. kl. 2b<br \/>\nWyr\u00f3\u017cnienia<br \/>\nFranciszek Z. kl. 3f<br \/>\nKuba G. kl. 1d<\/p>\n<hr \/>\n<p style=\"text-align: center;\"><strong>Konkurs zDolny \u015al\u0105zak<\/strong><br \/>\n<strong>do etapu fina\u0142owego zakwalifikowa\u0142y si\u0119:<\/strong><br \/>\nJa\u015bmina S. kl. 4c\u00a0(z j. niemieckiego)<br \/>\nZuzanna\u00a0 A. kl.8a (z chemii)<br \/>\nSofiya K. kl.8a (z j. angielskiego)<br \/>\nMarta G. kl. 7a (z biologii)<\/p>\n<hr \/>\n<p style=\"text-align: center;\"><strong>Og\u00f3lnopolski Konkurs Kaligraficzny &#8222;Pi\u00f3rem i Pazurem&#8221;<\/strong><br \/>\n<strong>do II etapu zakwalifikowa\u0142y si\u0119:<\/strong><br \/>\nMaja B. kl.8c<br \/>\nDominika O. kl. 7g<\/p>\n<hr \/>\n<p style=\"text-align: center;\"><strong>Olimpiada Matematyczna Junior\u00f3w<\/strong><br \/>\n<strong>awans do kolejnego etapu:<\/strong><br \/>\nDiana Y. kl.7a<\/p>\n<p style=\"text-align: center;\"><strong>Szkolny Konkurs &#8222;Nie marnuj\u0119 \u017cywno\u015bci&#8221;<\/strong><br \/>\nMiejsce I &#8211; Krystian D.-W. kl. 6d<br \/>\nMiejsce II &#8211; Julia K. kl. 4d<br \/>\nMiejsce III &#8211; Oliwia T. kl. 2b<\/p>\n<hr \/>\n<p style=\"text-align: center;\"><strong>I Szkolny Konkurs Matematyczno-Plastyczny<\/strong><br \/>\n<strong>&#8221; GEOMETRYCZNE OBRAZY&#8221;<\/strong><br \/>\n<strong>Laureaci konkursu w kategorii kl.7-8:<\/strong><br \/>\nI miejsce: Podwodny \u015bwiat &#8211; Maja B. kl.8c<br \/>\nII miejsce: Geometryczny kr\u00f3lik &#8211; Natalia M. kl.7a<br \/>\nIII miejsce: Kalejdoskop form &#8211; Tymon B. kl.7b<br \/>\nWyr\u00f3\u017cnienie: T\u0119tno matematyki &#8211; Yeva Z.kl.8f<\/p>\n<h3 style=\"text-align: center;\">W kategorii kl.4-6:<\/h3>\n<p style=\"text-align: center;\">I miejsce: Geometryczne kwiaty &#8211; Emilia Z. kl.5b oraz Geometryczna twarz &#8211; Maja M. kl.6b<\/p>\n<p style=\"text-align: center;\">II miejsce: Geometryczne obrazy &#8211; Julia K. kl.4d oraz Mecz siatk\u00f3wki &#8211; Wojciech \u017b. kl.6a<\/p>\n<p style=\"text-align: center;\">III miejsce: Geometryczny kwiat &#8211; Nikita G. kl.4f, Gwiezdne poro\u017ce &#8211; Maja K. kl.6b oraz Miasto przysz\u0142o\u015bci &#8211; Julia G. kl.6g<\/p>\n<h3 style=\"text-align: center;\">Wyr\u00f3\u017cnienia:<\/h3>\n<p style=\"text-align: center;\">Pi\u0142karz &#8211; Jakub S. kl.5a<br \/>\nNoc i dzie\u0144 &#8211; Nikodem M. kl.5d<br \/>\nKot w mie\u015bcie &#8211; Anna T. kl.6b<br \/>\nKo\u0144 &#8211; Klaudia K. kl.6d<br \/>\n<a href=\"https:\/\/zsp15.edu.wroclaw.pl\/wp-content\/uploads\/sites\/87\/2025\/12\/1_do_5-1.pdf\" target=\"_blank\" rel=\"noopener\">Fotorelacja 1. pdf (2 MB)<\/a>\u00a0\u00a0\u00a0 \u00a0<a href=\"https:\/\/zsp15.edu.wroclaw.pl\/wp-content\/uploads\/sites\/87\/2025\/12\/6_do_11-1.pdf\" target=\"_blank\" rel=\"noopener\">Fotorelacja 2.pdf (4 MB)<\/a><\/p>\n<p style=\"text-align: center;\">\u00a0Szkolny Konkurs Plastyczny &#8222;Krasnal \u017byczliwek&#8221;<br \/>\nI miejsce &#8211; Ewa R. 2a<br \/>\nII miejsce &#8211; Dorota S. 3a, Gabrysia T. 1d<br \/>\nIII miejsce &#8211; Piotr K. 1e<\/p>\n<p style=\"text-align: center;\">Mi\u0119dzynarodowe Zawody Matematyczno-Fizycznych Naboj Junior<br \/>\nIII miejsce w okr\u0119gu wroc\u0142awskim (52. w Polsce)<br \/>\nDru\u017cyny w sk\u0142adzie:<br \/>\n1. Julian A. 8d<br \/>\n2. Jan Z. 8g<br \/>\n3. Maria Ch. 8b<br \/>\n4. Kinga P. 8b<br \/>\nIX miejsce w okr\u0119gu wroc\u0142awskim<br \/>\n1. Kacper D. 8f<br \/>\n2. Micha\u0142 J. 8f<br \/>\n3. Tomasz M. 8e<br \/>\n4. Emilia H. 8c<\/p>\n<p style=\"text-align: center;\">Szkolny konkurs &#8222;Pumpkin Carving Contest&#8221;<br \/>\n\/kategoria kl. 4-6\/<br \/>\nI miejsce &#8211; Dynia Minionek &#8211; Bartosz R. 6c<br \/>\nII miejsce &#8211; Dynia Vodoo &#8211; Timofei N. 4c<br \/>\nIII miejsce &#8211; Dynia zielona &#8211;\u00a0 Emilia Z. 5b<br \/>\n\/kategoria kl. 7-8\/<br \/>\nI miejsce &#8211; Maja B. 8c<br \/>\nII miejsce &#8211; Klasa 7f<br \/>\nIII miejsce &#8211; Anastazja B. i Emilia M. 8c<\/p>\n<p style=\"text-align: center;\">Szkolny Konkurs Plastyczny &#8222;Obrazy z natury&#8221;<br \/>\nI miejsce &#8211; Patrycja O. 3d<br \/>\nII miejsce &#8211; Aleksander D. 1e<br \/>\nIII miejsce &#8211; Karolina M. i\u00a0Antoni K.<br \/>\nWyr\u00f3\u017cnienia<br \/>\nAnna B. 1b, Roman B. 1d, Julia M. 2e, Mi\u0142osz K. 1a, Osadsa P. 1e<\/p>\n<p style=\"text-align: center;\">Szkolny Konkurs Plastyczny &#8222;Bezpieczna droga do szko\u0142y&#8221;<br \/>\nI miejsce \u2013 Aleksander D. 1eII miejsce \u2013 Jeremi K. 1c<br \/>\nIII miejsce \u2013 Victoria A. 3g<br \/>\nWyr\u00f3\u017cnienia<br \/>\nZuzanna B. 2c, Izabela G. 2a, Miko\u0142aj Z. 3b, Paulina Z. 1b<\/p>\n<p style=\"text-align: center;\">Szkolny Konkurs Plastyczny &#8222;Nauczyciel oczami ucznia&#8221;<br \/>\nI miejsce &#8211; Marcelina K. 2a<br \/>\nII miejsce &#8211; Antonina J. 2a<br \/>\nIII miejsce &#8211; Magdalena L. 2a<br \/>\nWyr\u00f3\u017cnienia<br \/>\nMarianna W. 3a, Henryk W. 2a, Illia L. 2a<\/p>\n<p style=\"text-align: center;\">Og\u00f3lnopolski Konkurs Plastyczny<br \/>\n\u201eJubileuszowe pozdrowienia dla Ciebie, Szko\u0142o!\u201d<br \/>\nI miejsce \u2013 Aleksander D. I e<br \/>\nII miejsce \u2013 Filip S. III a<br \/>\nIII miejsce \u2013 Davyd D. I a<\/p>\n<p style=\"text-align: center;\">Szkolny Konkurs &#8222;MY FAVOURITE FOOD&#8221;<br \/>\nI miejsce &#8211; Michalina B. 1d, J\u0119drzej J. 3c<br \/>\nII miejsce &#8211; Patrycja O. 3d, Igor B. 2c<br \/>\nIII miejsce &#8211; Magdalena L. 2a, Jeremi K. 1c<\/p>\n<hr \/>\n<p style=\"text-align: center;\"><strong>XXXIII Bieg Solidarno\u015bci we Wroc\u0142awiu<\/strong><br \/>\nIII miejsce &#8211; dru\u017cyna SP 25<br \/>\n(w zawodach startowa\u0142o 84 zawodnik\u00f3w na 80-lecie szko\u0142y)<\/p>\n","protected":false},"excerpt":{"rendered":"<p>2025\/2026 Szkolny Konkurs Plastyczny &#8222;Kartka bo\u017conarodzeniowa&#8221;\u00a0 klasy I &#8211; III I miejsce &#8211; Wiktoria S. kl. 1c II miejsce &#8211; Jagoda M. kl. 3b III miejsce &#8211; Martyna P. kl. [&hellip;]<\/p>\n","protected":false},"author":7,"featured_media":0,"parent":19,"menu_order":0,"comment_status":"closed","ping_status":"closed","template":"","meta":{"footnotes":""},"class_list":["post-400","page","type-page","status-publish","hentry","clearfix"],"_links":{"self":[{"href":"https:\/\/zsp15.edu.wroclaw.pl\/index.php\/wp-json\/wp\/v2\/pages\/400","targetHints":{"allow":["GET"]}}],"collection":[{"href":"https:\/\/zsp15.edu.wroclaw.pl\/index.php\/wp-json\/wp\/v2\/pages"}],"about":[{"href":"https:\/\/zsp15.edu.wroclaw.pl\/index.php\/wp-json\/wp\/v2\/types\/page"}],"author":[{"embeddable":true,"href":"https:\/\/zsp15.edu.wroclaw.pl\/index.php\/wp-json\/wp\/v2\/users\/7"}],"replies":[{"embeddable":true,"href":"https:\/\/zsp15.edu.wroclaw.pl\/index.php\/wp-json\/wp\/v2\/comments?post=400"}],"version-history":[{"count":4,"href":"https:\/\/zsp15.edu.wroclaw.pl\/index.php\/wp-json\/wp\/v2\/pages\/400\/revisions"}],"predecessor-version":[{"id":523,"href":"https:\/\/zsp15.edu.wroclaw.pl\/index.php\/wp-json\/wp\/v2\/pages\/400\/revisions\/523"}],"up":[{"embeddable":true,"href":"https:\/\/zsp15.edu.wroclaw.pl\/index.php\/wp-json\/wp\/v2\/pages\/19"}],"wp:attachment":[{"href":"https:\/\/zsp15.edu.wroclaw.pl\/index.php\/wp-json\/wp\/v2\/media?parent=400"}],"curies":[{"name":"wp","href":"https:\/\/api.w.org\/{rel}","templated":true}]}}