
{"id":445,"date":"2026-01-15T13:10:33","date_gmt":"2026-01-15T12:10:33","guid":{"rendered":"https:\/\/zsp15.edu.wroclaw.pl\/?page_id=445"},"modified":"2026-02-04T13:08:38","modified_gmt":"2026-02-04T12:08:38","slug":"deklaracja-dostepnosci","status":"publish","type":"page","link":"https:\/\/zsp15.edu.wroclaw.pl\/index.php\/deklaracja-dostepnosci\/","title":{"rendered":"Deklaracja dost\u0119pno\u015bci"},"content":{"rendered":"<p id=\"a11y-wstep\"><span id=\"a11y-podmiot\">Zesp\u00f3\u0142 Szkolno &#8211; Przedszkolny nr 15 we Wroc\u0142awiu<\/span> zobowi\u0105zuje si\u0119 zapewni\u0107 dost\u0119pno\u015b\u0107 swojej strony internetowej zgodnie z przepisami ustawy z dnia 4\u00a0kwietnia 2019\u00a0r. o\u00a0dost\u0119pno\u015bci cyfrowej stron internetowych i\u00a0aplikacji mobilnych podmiot\u00f3w publicznych. O\u015bwiadczenie w sprawie dost\u0119pno\u015bci ma zastosowanie do strony internetowej <a id=\"a11y-url\" href=\"zsp15.edu.wroclaw.pl\">zsp15.edu.wroclaw.pl<\/a><\/p>\n<ul>\n<li>Data publikacji strony internetowej: <time id=\"a11y-data-publikacja\" datetime=\"2018-07-03\">2018-07-03<\/time><\/li>\n<li>Data ostatniej istotnej aktualizacji: <time id=\"a11y-data-aktualizacja\" datetime=\"2021-01-01\">2025-11-20<\/time><\/li>\n<\/ul>\n<h2>Status pod wzgl\u0119dem zgodno\u015bci z ustaw\u0105<\/h2>\n<p>Strona internetowa jest <strong id=\"a11y-status\">cz\u0119\u015bciowo zgodna<\/strong> z\u00a0ustaw\u0105 o\u00a0dost\u0119pno\u015bci cyfrowej stron internetowych i\u00a0aplikacji mobilnych podmiot\u00f3w publicznych z\u00a0powodu niezgodno\u015bci lub wy\u0142\u0105cze\u0144 wymienionych poni\u017cej.<\/p>\n<h3>Tre\u015bci niedost\u0119pne<\/h3>\n<ul>\n<li>Tre\u015b\u0107 nietekstowa,<\/li>\n<li>tylko audio oraz tylko wideo,<\/li>\n<li>napisy rozszerzone,<\/li>\n<li>audiodeskrypcja lub alternatywa dla medi\u00f3w,<\/li>\n<li>u\u017cycie koloru,<\/li>\n<li>kontrola odtwarzania d\u017awi\u0119ku,<\/li>\n<li>tekst w postaci grafiki,<\/li>\n<li>kontrast dla tre\u015bci nieb\u0119d\u0105cych tekstem,<\/li>\n<li>tre\u015bci spod kursora lub fokusa,<\/li>\n<li>gesty punktowe,<\/li>\n<li>anulowanie klikni\u0119ciem,<\/li>\n<li>etykieta w nazwie,<\/li>\n<li>aktywowanie ruchem.<\/li>\n<\/ul>\n<h3>Przygotowanie deklaracji w sprawie dost\u0119pno\u015bci<\/h3>\n<ul>\n<li>Deklaracj\u0119 sporz\u0105dzono dnia: <time id=\"a11y-data-sporzadzenie\" datetime=\"2021-01-01\">2021-01-01<\/time><\/li>\n<li>Deklaracj\u0119 zosta\u0142a ostatnio poddana przegl\u0105dowi i aktualizacji dnia: <time id=\"a11y-data-deklaracja-przeglad\" datetime=\"2022-03-30\">2026-02-04<\/time><\/li>\n<\/ul>\n<p>Deklaracj\u0119 sporz\u0105dzono na podstawie samooceny.<\/p>\n<h2 id=\"a11y-kontakt\">Informacje zwrotne i dane kontaktowe<\/h2>\n<ul>\n<li>Za rozpatrywanie uwag i wniosk\u00f3w odpowiada: <span id=\"a11y-osoba\">Jolanta Do\u0142\u0119gowska<\/span>.<\/li>\n<li>E-mail: <span id=\"a11y-email\">sekretariat.zsp15@wroclawskaedukacja.pl<\/span><\/li>\n<li>Telefon: <span id=\"a11y-telefon\">717986921<\/span><\/li>\n<\/ul>\n<p id=\"a11y-procedura\">Ka\u017cdy ma prawo:<\/p>\n<ul>\n<li>zg\u0142osi\u0107 uwagi dotycz\u0105ce dost\u0119pno\u015bci cyfrowej strony lub jej elementu,<\/li>\n<li>zg\u0142osi\u0107 \u017c\u0105danie zapewnienia dost\u0119pno\u015bci cyfrowej strony lub jej elementu,<\/li>\n<li>wnioskowa\u0107 o udost\u0119pnienie niedost\u0119pnej informacji w innej alternatywnej formie.<\/li>\n<\/ul>\n<p>\u017b\u0105danie musi zawiera\u0107:<\/p>\n<ul>\n<li>dane kontaktowe osoby zg\u0142aszaj\u0105cej,<\/li>\n<li>wskazanie strony lub elementu strony, kt\u00f3rej dotyczy \u017c\u0105danie,<\/li>\n<li>wskazanie dogodnej formy udost\u0119pnienia informacji, je\u015bli \u017c\u0105danie dotyczy udost\u0119pnienia w formie alternatywnej informacji niedost\u0119pnej.<\/li>\n<\/ul>\n<p>Rozpatrzenie zg\u0142oszenia powinno nast\u0105pi\u0107 niezw\u0142ocznie, najp\u00f3\u017aniej w ci\u0105gu 7 dni. Je\u015bli w tym terminie zapewnienie dost\u0119pno\u015bci albo zapewnienie dost\u0119pu w alternatywnej formie nie jest mo\u017cliwe, powinno nast\u0105pi\u0107 najdalej w ci\u0105gu 2 miesi\u0119cy od daty zg\u0142oszenia.<\/p>\n<h3>Skargi i odwo\u0142ania<\/h3>\n<p>Na niedotrzymanie tych termin\u00f3w oraz na odmow\u0119 realizacji \u017c\u0105dania mo\u017cna z\u0142o\u017cy\u0107 skarg\u0119 do organu nadzoruj\u0105cego poczt\u0105 lub drog\u0105 elektroniczn\u0105 na adres:<\/p>\n<ul>\n<li>Organ nadzoruj\u0105cy: Dyrektor Zespo\u0142u Szkolno &#8211; Przedszkolnego nr 15 we Wroc\u0142awiu<\/li>\n<li>Adres: ul. Stanis\u0142awowska 38-44<br \/>\n54-611 Wroclaw<\/li>\n<li>E-mail: sekretariat.zsp15@wroclawskaedukacja.pl<\/li>\n<li>Telefon: 717986921<\/li>\n<\/ul>\n<p>Skarg\u0119 mo\u017cna z\u0142o\u017cy\u0107 r\u00f3wnie\u017c do <a href=\"https:\/\/www.rpo.gov.pl\/content\/jak-zglosic-sie-do-rzecznika-praw-obywatelskich\">Rzecznika Praw Obywatelskich<\/a>.<\/p>\n<h2 id=\"a11y-architektura\">Dost\u0119pno\u015b\u0107 architektoniczna<\/h2>\n<ul>\n<li>Na terenie plac\u00f3wki znajduj\u0105 si\u0119 r\u00f3\u017cnice wysoko\u015bci\u00a0 i przeszkody terenowe ale zastosowane s\u0105 rozwi\u0105zania niweluj\u0105ce r\u00f3\u017cnice,<\/li>\n<li>wej\u015bcia do budynku s\u0105 dost\u0119pne dla wszystkich u\u017cytkownik\u00f3w,<\/li>\n<li>obiekt posiada zadaszenie nad wej\u015bciem chroni\u0105ce przed opadami,<\/li>\n<li>przy budynku znajduje si\u0119 10 miejsc parkingowych dla os\u00f3b niepe\u0142nosprawnych,<\/li>\n<li>zapewniony jest dost\u0119p do ka\u017cdej kondygnacji (winda i platforma),<\/li>\n<li>wej\u015bcia ewakuacyjne s\u0105 odpowiednio oznaczone,<\/li>\n<li>sale lekcyjne s\u0105 dostosowane do potrzeb uczni\u00f3w,<\/li>\n<li>pomieszczenia u\u017cytkowe s\u0105 odpowiednio oznaczone,<\/li>\n<li>pomieszczenia techniczne s\u0105 odpowiednio oznaczone,<\/li>\n<li>drzwi do sto\u0142\u00f3wki szkolnej s\u0105 odpowiednio szerokie,<\/li>\n<li>wej\u015bcie do sekretariatu, kancelarii, ksi\u0119gowo\u015bci, kadr i sekretariatu uczniowskiego ma szeroko\u015b\u0107 min. 90 cm.,<\/li>\n<li>wej\u015bcie do gabinetu dyrektora i wicedyrektor\u00f3w ma szeroko\u015b\u0107 min. 90 cm.,<\/li>\n<li>korytarze budynk\u00f3w maj\u0105 min. szeroko\u015b\u0107 150 cm. i 200 cm.,<\/li>\n<li>na drodze do infrastruktury sportowej znajduje si\u0119 podjazd umo\u017cliwiaj\u0105cy swobodny dost\u0119p osobom niepe\u0142nosprawnym ruchowo, seniorom osobom z dzie\u0107mi i ci\u0119\u017carnym,<\/li>\n<li>korytarze s\u0105 r\u00f3wnomiernie o\u015bwietlone,<\/li>\n<li>w plac\u00f3wce znajduj\u0105 si\u0119 toalety dostosowane dla os\u00f3b niepe\u0142nosprawnych,<\/li>\n<li>przy wej\u015bciu znajduje si\u0119 czytelna tablica informacyjna,<\/li>\n<li>og\u0142oszenia s\u0105 widoczne dla wszystkich u\u017cytkownik\u00f3w,<\/li>\n<li>schody posiadaj\u0105 cz\u0119\u015bciowe oznaczenie kraw\u0119dzi,<\/li>\n<li>posadzki sal lekcyjnych, sportowych s\u0105 antypo\u015blizgowe,<\/li>\n<li>posadzki w toaletach s\u0105 antypo\u015blizgowe,<\/li>\n<li>posadzki na ci\u0105gach komunikacyjnych i klatkach schodowych w budynkach 2 i 3 oraz budynku 1 na II pi\u0119trze s\u0105 antypo\u015blizgowe,<\/li>\n<li>w budynku 1 \u2013 klatka schodowa, posadzka nie jest antypo\u015blizgowa ale zastosowano rozwi\u0105zania zast\u0119pcze (pasy antypo\u015blizgowe na ka\u017cdym stopniu),<\/li>\n<li>jest pracownik odpowiedzialny za przekazanie informacji na temat drogi do poszczeg\u00f3lnych pomieszcze\u0144,<\/li>\n<li>pracownicy s\u0105 przeszkoleni w zakresie obs\u0142ugi os\u00f3b z niepe\u0142nosprawno\u015bci\u0105.<\/li>\n<\/ul>\n<p>&nbsp;<\/p>\n<ul>\n<li>Przed drzwiami wej\u015bciowymi brak pasa ostrzegawczego,<\/li>\n<li>brak informacji o mo\u017cliwo\u015bci wej\u015bcia do budynku w obecno\u015bci psa asystuj\u0105cego,<\/li>\n<li>posadzka na ci\u0105gach komunikacyjnych parteru, I pi\u0119tra w cz\u0119\u015bci administracyjnej budynku 1 nie jest antypo\u015blizgowa,<\/li>\n<li>na korytarzach szko\u0142y znajduj\u0105 si\u0119\u00a0 bariery (szafki uczniowskie),<\/li>\n<li>obiekt nie jest dostosowany dla os\u00f3b niewidomych,<\/li>\n<li>obiekt nie dostosowany dla os\u00f3b nies\u0142ysz\u0105cych,<\/li>\n<li>mi\u0119dzy pod\u0142og\u0105 a \u015bcianami, drzwiami wej\u015bciowymi do pomieszcze\u0144 i przy w\u0142\u0105cznikach nie zastosowano kontrastowych kolor\u00f3w,<\/li>\n<li>brak kontrastowych pas\u00f3w na korytarzach,<\/li>\n<li>brak oznacze\u0144 brajla na por\u0119czach,<\/li>\n<li>brak oznacze\u0144 kondygnacji, strza\u0142ek kierunkowych,<\/li>\n<li>brak urz\u0105dze\u0144 wspomagaj\u0105cych poruszanie si\u0119 (np. schodo\u0142azy) w przypadku braku mo\u017cliwo\u015bci korzystania z windy i platformy,<\/li>\n<li>pracownicy nie s\u0105 przeszkoleni w zakresie ewakuacji os\u00f3b z niepe\u0142nosprawno\u015bci\u0105.<\/li>\n<\/ul>\n","protected":false},"excerpt":{"rendered":"<p>Zesp\u00f3\u0142 Szkolno &#8211; Przedszkolny nr 15 we Wroc\u0142awiu zobowi\u0105zuje si\u0119 zapewni\u0107 dost\u0119pno\u015b\u0107 swojej strony internetowej zgodnie z przepisami ustawy z dnia 4\u00a0kwietnia 2019\u00a0r. o\u00a0dost\u0119pno\u015bci cyfrowej stron internetowych i\u00a0aplikacji mobilnych podmiot\u00f3w [&hellip;]<\/p>\n","protected":false},"author":7,"featured_media":0,"parent":0,"menu_order":0,"comment_status":"closed","ping_status":"closed","template":"","meta":{"footnotes":""},"class_list":["post-445","page","type-page","status-publish","hentry","clearfix"],"_links":{"self":[{"href":"https:\/\/zsp15.edu.wroclaw.pl\/index.php\/wp-json\/wp\/v2\/pages\/445","targetHints":{"allow":["GET"]}}],"collection":[{"href":"https:\/\/zsp15.edu.wroclaw.pl\/index.php\/wp-json\/wp\/v2\/pages"}],"about":[{"href":"https:\/\/zsp15.edu.wroclaw.pl\/index.php\/wp-json\/wp\/v2\/types\/page"}],"author":[{"embeddable":true,"href":"https:\/\/zsp15.edu.wroclaw.pl\/index.php\/wp-json\/wp\/v2\/users\/7"}],"replies":[{"embeddable":true,"href":"https:\/\/zsp15.edu.wroclaw.pl\/index.php\/wp-json\/wp\/v2\/comments?post=445"}],"version-history":[{"count":6,"href":"https:\/\/zsp15.edu.wroclaw.pl\/index.php\/wp-json\/wp\/v2\/pages\/445\/revisions"}],"predecessor-version":[{"id":536,"href":"https:\/\/zsp15.edu.wroclaw.pl\/index.php\/wp-json\/wp\/v2\/pages\/445\/revisions\/536"}],"wp:attachment":[{"href":"https:\/\/zsp15.edu.wroclaw.pl\/index.php\/wp-json\/wp\/v2\/media?parent=445"}],"curies":[{"name":"wp","href":"https:\/\/api.w.org\/{rel}","templated":true}]}}