
{"id":447,"date":"2026-01-15T13:14:15","date_gmt":"2026-01-15T12:14:15","guid":{"rendered":"https:\/\/zsp15.edu.wroclaw.pl\/?page_id=447"},"modified":"2026-02-06T11:21:10","modified_gmt":"2026-02-06T10:21:10","slug":"podreczniki-i-programy","status":"publish","type":"page","link":"https:\/\/zsp15.edu.wroclaw.pl\/index.php\/szkola-podstawowa-nr-25\/podreczniki-i-programy\/","title":{"rendered":"Podr\u0119czniki i programy"},"content":{"rendered":"<h2 style=\"text-align: center;\">2025\/2026<\/h2>\n<p style=\"text-align: center;\"><a href=\"https:\/\/zsp15.edu.wroclaw.pl\/wp-content\/uploads\/sites\/87\/2026\/02\/1_3_zestaw_podrecznikow_ew_25_26.pdf\" target=\"_blank\" rel=\"noopener\">Zestaw podr\u0119cznik\u00f3w dla klas 1-3.pdf (139 KB)<\/a><br \/>\n<a href=\"https:\/\/zsp15.edu.wroclaw.pl\/wp-content\/uploads\/sites\/87\/2026\/02\/1_3_zestaw_programow_ew_25_26.pdf\" target=\"_blank\" rel=\"noopener\">Zestaw program\u00f3w dla klas 1-3.pdf (129 KB)<\/a><br \/>\n<a href=\"https:\/\/zsp15.edu.wroclaw.pl\/wp-content\/uploads\/sites\/87\/2026\/02\/4_8_SZKOLNY_ZESTAW_PODRECZNIKOW_I_PROGRAMOW_NAUCZANIA_2025_26.pdf\" target=\"_blank\" rel=\"noopener\">Zestaw podr\u0119cznik\u00f3w i program\u00f3w dla klas 4-8.pdf (356 KB)<\/a><\/p>\n<h3 style=\"text-align: center;\">Uwaga<\/h3>\n<p style=\"text-align: center;\">Podr\u0119czniki do nauki religii na wszystkich<br \/>\npoziomach nauczania\u00a0zakupuj\u0105 RODZICE<\/p>\n","protected":false},"excerpt":{"rendered":"<p>2025\/2026 Zestaw podr\u0119cznik\u00f3w dla klas 1-3.pdf (139 KB) Zestaw program\u00f3w dla klas 1-3.pdf (129 KB) Zestaw podr\u0119cznik\u00f3w i program\u00f3w dla klas 4-8.pdf (356 KB) Uwaga Podr\u0119czniki do nauki religii na [&hellip;]<\/p>\n","protected":false},"author":7,"featured_media":0,"parent":19,"menu_order":0,"comment_status":"closed","ping_status":"closed","template":"","meta":{"footnotes":""},"class_list":["post-447","page","type-page","status-publish","hentry","clearfix"],"_links":{"self":[{"href":"https:\/\/zsp15.edu.wroclaw.pl\/index.php\/wp-json\/wp\/v2\/pages\/447","targetHints":{"allow":["GET"]}}],"collection":[{"href":"https:\/\/zsp15.edu.wroclaw.pl\/index.php\/wp-json\/wp\/v2\/pages"}],"about":[{"href":"https:\/\/zsp15.edu.wroclaw.pl\/index.php\/wp-json\/wp\/v2\/types\/page"}],"author":[{"embeddable":true,"href":"https:\/\/zsp15.edu.wroclaw.pl\/index.php\/wp-json\/wp\/v2\/users\/7"}],"replies":[{"embeddable":true,"href":"https:\/\/zsp15.edu.wroclaw.pl\/index.php\/wp-json\/wp\/v2\/comments?post=447"}],"version-history":[{"count":2,"href":"https:\/\/zsp15.edu.wroclaw.pl\/index.php\/wp-json\/wp\/v2\/pages\/447\/revisions"}],"predecessor-version":[{"id":542,"href":"https:\/\/zsp15.edu.wroclaw.pl\/index.php\/wp-json\/wp\/v2\/pages\/447\/revisions\/542"}],"up":[{"embeddable":true,"href":"https:\/\/zsp15.edu.wroclaw.pl\/index.php\/wp-json\/wp\/v2\/pages\/19"}],"wp:attachment":[{"href":"https:\/\/zsp15.edu.wroclaw.pl\/index.php\/wp-json\/wp\/v2\/media?parent=447"}],"curies":[{"name":"wp","href":"https:\/\/api.w.org\/{rel}","templated":true}]}}