
{"id":455,"date":"2026-02-11T13:18:12","date_gmt":"2026-02-11T12:18:12","guid":{"rendered":"https:\/\/zsp15.edu.wroclaw.pl\/?page_id=455"},"modified":"2026-02-12T11:34:56","modified_gmt":"2026-02-12T10:34:56","slug":"obiady","status":"publish","type":"page","link":"https:\/\/zsp15.edu.wroclaw.pl\/index.php\/szkola-podstawowa-nr-25\/obiady\/","title":{"rendered":"Obiady"},"content":{"rendered":"<h2 style=\"text-align: center;\">Szanowni Pa\u0144stwo<\/h2>\n<p style=\"text-align: center;\">W zwi\u0105zku z rozpocz\u0119ciem nowego roku szkolnego podajemy podstawowe informacje dotycz\u0105ce obiad\u00f3w w Szkole Podstawowej nr 25 w roku szkolnym 2025\/2026. W celu uzyskania szczeg\u00f3\u0142owych informacji prosz\u0119 dok\u0142adnie zapozna\u0107 si\u0119 z PROCEDUR\u0104 ZASAD ZAPISYWANIA I ZAMAWIANIA OBIAD\u00d3W ORAZ OP\u0141ACANIA ZA POSI\u0141KI W OKRESIE od wrze\u015bnia 2025r do czerwca 2026r.<\/p>\n<p style=\"text-align: center;\"><a href=\"https:\/\/zsp15.edu.wroclaw.pl\/wp-content\/uploads\/sites\/87\/2026\/02\/Procedura_zasad_zamawiania_obiadow.pdf\" target=\"_blank\" rel=\"noopener\">Procedura zasad zapisywania i zamawiania obiad\u00f3w oraz op\u0142acania.pdf (110 KB)<\/a><\/p>\n<p style=\"text-align: left;\">1. Prosz\u0119 sprawdzi\u0107 wp\u0142aty za obiady na miesi\u0105c wrzesie\u0144 czy by\u0142y dokonane we wskazanej wysoko\u015bci czyli\u00a0229.50 z\u0142. Je\u017celi wp\u0142acono mniej to prosz\u0119 dop\u0142aci\u0107 brakuj\u0105c\u0105 kwot\u0119 (mo\u017cna zap\u0142aci\u0107 przez aplikacj\u0119 szybkim przelewem z dodatkow\u0105 op\u0142at\u0105, tzw. AUTOPAY i wtedy jest to od razu widoczne i zaksi\u0119gowane na koncie dziecka).<\/p>\n<p style=\"text-align: left;\">2.\u00a0Ostateczny termin op\u0142at za wrzesie\u0144 up\u0142ywa\u00a012.09.2025r\u00a0(jest to data zaksi\u0119gowania w aplikacji), przekroczenie wskazanego terminu spowoduje naliczenie odsetek ustawowych.<\/p>\n<p style=\"text-align: left;\">3. Je\u017celi dziecko korzysta ju\u017c z obiad\u00f3w a jeszcze nie dostarczono do kancelarii szko\u0142y umowy na obiady w nowym roku szkolnym to prosz\u0119 to zrobi\u0107 jak najszybciej. W przypadku braku umowy mo\u017ce by\u0107 wstrzymane wydawanie obiad\u00f3w.<\/p>\n<p style=\"text-align: left;\">4. Wp\u0142aty zaksi\u0119gowane po 12.09.2025r. b\u0119d\u0105 traktowane jako zaliczka na poczet op\u0142acenia obiad\u00f3w na pa\u017adziernik.<\/p>\n<p style=\"text-align: left;\">5. Kontakt w sprawie obiad\u00f3w: telefoniczny \u2013 71 783 14 50, e-mail: Zywienie.ZSP15@wroclawskaedukacja.pl lub poprzez aplikacj\u0119 Zam\u00f3w Posi\u0142ek \u2013 wiadomo\u015bci.<\/p>\n<h2 style=\"text-align: center;\">2025\/2026<\/h2>\n<ul>\n<li style=\"text-align: left;\"><a href=\"https:\/\/zsp15.edu.wroclaw.pl\/wp-content\/uploads\/sites\/87\/2026\/02\/Grafik_obiadow_uczniow_nie_ze_swietlicy2025_2026.pdf\" target=\"_blank\" rel=\"noopener\">Grafik obiad\u00f3w w klasach I-III\u00a0dla uczni\u00f3w, kt\u00f3rzy nie chodz\u0105 do \u015bwietlicy lub maj\u0105 II zmian\u0119.pdf (70 KB)<\/a><\/li>\n<li style=\"text-align: left;\"><a href=\"https:\/\/zsp15.edu.wroclaw.pl\/wp-content\/uploads\/sites\/87\/2026\/02\/Grafik_obiady_swietlica_2025_26.pdf\" target=\"_blank\" rel=\"noopener\">Grafik obiad\u00f3w w klasach I-III dla uczni\u00f3w, kt\u00f3rzy chodz\u0105 do \u015bwietlicy.pdf (67 KB)<\/a><\/li>\n<li style=\"text-align: left;\"><a href=\"https:\/\/zsp15.edu.wroclaw.pl\/wp-content\/uploads\/sites\/87\/2026\/02\/Grafik_obiadow-kl.-4-8_2025_26.pdf\" target=\"_blank\" rel=\"noopener\">Grafik obiad\u00f3w w klasach IV-VIII.pdf (75 KB)<\/a><\/li>\n<\/ul>\n<hr \/>\n<h3 style=\"text-align: center;\">DOKUMENTY DO POBRANIA<\/h3>\n<ul>\n<li style=\"text-align: left;\"><a href=\"https:\/\/zsp15.edu.wroclaw.pl\/wp-content\/uploads\/sites\/87\/2026\/02\/umowa_obiadowa_SP_25_2025_2026.docx\" target=\"_blank\" rel=\"noopener\">Umowa obiadowa 2025_26.docx (28 KB)<\/a><\/li>\n<li style=\"text-align: left;\"><a href=\"https:\/\/zsp15.edu.wroclaw.pl\/wp-content\/uploads\/sites\/87\/2026\/02\/umowa_obiadowa_SP_25_2025_2026.pdf\" target=\"_blank\" rel=\"noopener\">Umowa obiadowa 2025_26.pdf (263 KB)<\/a><\/li>\n<li><a href=\"https:\/\/zsp15.edu.wroclaw.pl\/wp-content\/uploads\/sites\/87\/2026\/02\/Rezygnacja_z_obiadow.pdf\" target=\"_blank\" rel=\"noopener\">Rezygnacja z obiad\u00f3w.pdf (75 KB)<\/a><\/li>\n<li><a href=\"https:\/\/zsp15.edu.wroclaw.pl\/wp-content\/uploads\/sites\/87\/2026\/02\/Wniosek_o_zwrot_nadplaty.pdf\" target=\"_blank\" rel=\"noopener\">Wniosek o zwrot nadp\u0142aty.pdf (78 KB)<\/a><\/li>\n<\/ul>\n","protected":false},"excerpt":{"rendered":"<p>Szanowni Pa\u0144stwo W zwi\u0105zku z rozpocz\u0119ciem nowego roku szkolnego podajemy podstawowe informacje dotycz\u0105ce obiad\u00f3w w Szkole Podstawowej nr 25 w roku szkolnym 2025\/2026. W celu uzyskania szczeg\u00f3\u0142owych informacji prosz\u0119 dok\u0142adnie [&hellip;]<\/p>\n","protected":false},"author":7,"featured_media":0,"parent":19,"menu_order":0,"comment_status":"closed","ping_status":"closed","template":"","meta":{"footnotes":""},"class_list":["post-455","page","type-page","status-publish","hentry","clearfix"],"_links":{"self":[{"href":"https:\/\/zsp15.edu.wroclaw.pl\/index.php\/wp-json\/wp\/v2\/pages\/455","targetHints":{"allow":["GET"]}}],"collection":[{"href":"https:\/\/zsp15.edu.wroclaw.pl\/index.php\/wp-json\/wp\/v2\/pages"}],"about":[{"href":"https:\/\/zsp15.edu.wroclaw.pl\/index.php\/wp-json\/wp\/v2\/types\/page"}],"author":[{"embeddable":true,"href":"https:\/\/zsp15.edu.wroclaw.pl\/index.php\/wp-json\/wp\/v2\/users\/7"}],"replies":[{"embeddable":true,"href":"https:\/\/zsp15.edu.wroclaw.pl\/index.php\/wp-json\/wp\/v2\/comments?post=455"}],"version-history":[{"count":3,"href":"https:\/\/zsp15.edu.wroclaw.pl\/index.php\/wp-json\/wp\/v2\/pages\/455\/revisions"}],"predecessor-version":[{"id":566,"href":"https:\/\/zsp15.edu.wroclaw.pl\/index.php\/wp-json\/wp\/v2\/pages\/455\/revisions\/566"}],"up":[{"embeddable":true,"href":"https:\/\/zsp15.edu.wroclaw.pl\/index.php\/wp-json\/wp\/v2\/pages\/19"}],"wp:attachment":[{"href":"https:\/\/zsp15.edu.wroclaw.pl\/index.php\/wp-json\/wp\/v2\/media?parent=455"}],"curies":[{"name":"wp","href":"https:\/\/api.w.org\/{rel}","templated":true}]}}