
{"id":459,"date":"2026-02-12T11:43:49","date_gmt":"2026-02-12T10:43:49","guid":{"rendered":"https:\/\/zsp15.edu.wroclaw.pl\/?page_id=459"},"modified":"2026-02-18T08:34:06","modified_gmt":"2026-02-18T07:34:06","slug":"laboratoria-przyszlosci","status":"publish","type":"page","link":"https:\/\/zsp15.edu.wroclaw.pl\/index.php\/szkola-podstawowa-nr-25\/laboratoria-przyszlosci\/","title":{"rendered":"Laboratoria Przysz\u0142o\u015bci"},"content":{"rendered":"<div class=\"wpb-content-wrapper\"><p>[vc_row][vc_column width=&#8221;2\/3&#8243;][vc_column_text css=&#8221;&#8221;]<\/p>\n<h2 style=\"text-align: center;\">Informacje o programie Laboratoria Przysz\u0142o\u015bci w naszej szkole<\/h2>\n<p><strong>Program Laboratoria Przysz\u0142o\u015bci<\/strong>\u00a0to program finansowany ze \u015brodk\u00f3w Funduszu Przeciwdzia\u0142ania COVID \u2013 19, w postaci \u015brodk\u00f3w finansowych, dla jednostek samorz\u0105du terytorialnego b\u0119d\u0105cych organami prowadz\u0105cymi publiczne szko\u0142y podstawowe dla dzieci i m\u0142odzie\u017cy lub publiczne szko\u0142y artystyczne realizuj\u0105ce kszta\u0142cenie og\u00f3lne w zakresie szko\u0142y podstawowej.<\/p>\n<p><strong>W ramach programu Laboratoria Przysz\u0142o\u015bci<\/strong>\u00a0wsparcie mo\u017ce by\u0107 przeznaczone na zakup wyposa\u017cenia stanowisk do pracy narz\u0119dziowej, sprz\u0119tu, elektronarz\u0119dzi, materia\u0142\u00f3w, innych przedmiot\u00f3w i pomocy s\u0142u\u017c\u0105cych rozwijaniu umiej\u0119tno\u015bci dzieci i m\u0142odzie\u017cy.<br \/>\n<a href=\"https:\/\/www.gov.pl\/web\/laboratoria\" target=\"_blank\" rel=\"noopener\">Szczeg\u00f3\u0142y programu Laboratoria Przysz\u0142o\u015bci<\/a><\/p>\n<p><strong>W ramach programu Laboratoria Przysz\u0142o\u015bci<\/strong> cz\u0119\u015b\u0107 przyznanej kwoty zosta\u0142a przeznaczona na zakup wyposa\u017cenia klas i pomocy s\u0142u\u017c\u0105cych rozwijaniu umiej\u0119tno\u015bci podstawowych i przekrojowych dzieci i m\u0142odzie\u017cy tj. drukarka 3D Skrinter wraz z pakietem merytorycznym w postaci Skriware Academy , biblioteki gotowych modeli 3D oraz wirtualnego kreatora konstrukcji, akcesoria do drukarki 3D w postaci filament\u00f3w, zestawy gogli VR wraz z akcesoriami i oprogramowaniem wspieraj\u0105cymi ich dzia\u0142anie tworz\u0105ce wirtualne laboratorium wieloprzedmiotowe CLASS VR. Powy\u017cszy sprz\u0119t, narz\u0119dzia i akcesoria b\u0119d\u0105 wykorzystywane do zaj\u0119\u0107 edukacji wczesnoszkolnej, zaj\u0119\u0107 dydaktycznych z j\u0119zyka polskiego, informatyki, historii, biologii, geografii, chemii oraz zaj\u0119\u0107 technicznych ze szczeg\u00f3lnym uwzgl\u0119dnieniem realizacji tre\u015bci programowych z zakresu doradztwa zawodowego.<\/p>\n<p><a href=\"https:\/\/zsp15.edu.wroclaw.pl\/wp-content\/uploads\/sites\/87\/2026\/02\/Wykaz_zakupionego_sprzetu_w_ramach_programu_Laboratoria_przyszlosci.pdf\" target=\"_blank\" rel=\"noopener\">Wykaz kolejnego sprz\u0119tu zakupionego w ramach LP.pdf (76 KB)<\/a><\/p>\n<p><strong>Zakupione wyposa\u017cenie jest wykorzystywane do realizacji\u00a0podstawy programowej na obu etapach edukacyjnych.\u00a0<\/strong>Dzi\u0119ki nowym pomocom w wi\u0119kszym zakresie zaspakajane s\u0105 dydaktyczne potrzeby uczni\u00f3w w obszarze dbania o wszechstronny dob\u00f3r tre\u015bci oraz metod i najnowocze\u015bniejszych pomocy naukowych na zaj\u0119ciach lekcyjnych i pozalekcyjnych. S\u0142u\u017c\u0105 one tak\u017ce rozwijaniu uzdolnie\u0144 uczniom w trakcie realizacji indywidualnych program\u00f3w nauczania. Nowoczesne pomoce dydaktyczne przyczyniaj\u0105 si\u0119 do budowania u uczni\u00f3w kompetencji przysz\u0142o\u015bci w dziedzinach zwi\u0105zanych z szeroko poj\u0119t\u0105 nauk\u0105, technologi\u0105, in\u017cynieri\u0105, sztuk\u0105 oraz matematyk\u0105. Wykorzystywanie wyposa\u017cenia zakupionego w ramach projektu przyczynia si\u0119 do budowaniu umiej\u0119tno\u015bci technicznych oraz rozwijania kreatywno\u015bci i niestandardowego my\u015blenia w\u015br\u00f3d uczni\u00f3w. Pomoce te uatrakcyjniaj\u0105 zaj\u0119cia, pozwalaj\u0105 na praktyczne zdobywanie interdyscyplinarnej.[\/vc_column_text][\/vc_column][vc_column width=&#8221;1\/3&#8243;][vc_single_image image=&#8221;568&#8243; img_size=&#8221;full&#8221; alignment=&#8221;center&#8221; onclick=&#8221;link_image&#8221; css=&#8221;&#8221;][vc_single_image image=&#8221;567&#8243; img_size=&#8221;full&#8221; alignment=&#8221;center&#8221; onclick=&#8221;link_image&#8221; css=&#8221;&#8221;][\/vc_column][\/vc_row][vc_row css=&#8221;.vc_custom_1722415340196{margin-right: 50px !important;margin-left: 50px !important;}&#8221;][vc_column][vc_column_text css=&#8221;.vc_custom_1770975250662{margin-bottom: 0px !important;}&#8221;]<\/p>\n<h2 class=\"module\" style=\"text-align: center;\"><span class=\"module-2\" style=\"color: #262b44;\"><span class=\"module-3\">Fotorelacje z zaj\u0119\u0107<\/span><\/span><\/h2>\n<p>[\/vc_column_text][vc_separator color=&#8221;custom&#8221; border_width=&#8221;2&#8243; el_width=&#8221;50&#8243; css=&#8221;.vc_custom_1770975981679{margin-bottom: 0px !important;}&#8221; accent_color=&#8221;#262B44&#8243;][vc_basic_grid post_type=&#8221;post&#8221; max_items=&#8221;-1&#8243; style=&#8221;pagination&#8221; items_per_page=&#8221;4&#8243; element_width=&#8221;3&#8243; gap=&#8221;10&#8243; paging_design=&#8221;pagination_default_dark&#8221; paging_color=&#8221;mulled_wine&#8221; item=&#8221;53&#8243; css=&#8221;&#8221; grid_id=&#8221;vc_gid:1770982708590-b1a3c345-34a2-1&#8243; taxonomies=&#8221;10&#8243;][\/vc_column][\/vc_row]<\/p>\n<\/div>","protected":false},"excerpt":{"rendered":"<p>[vc_row][vc_column width=&#8221;2\/3&#8243;][vc_column_text css=&#8221;&#8221;] Informacje o programie Laboratoria Przysz\u0142o\u015bci w naszej szkole Program Laboratoria Przysz\u0142o\u015bci\u00a0to program finansowany ze \u015brodk\u00f3w Funduszu Przeciwdzia\u0142ania COVID \u2013 19, w postaci \u015brodk\u00f3w finansowych, dla jednostek samorz\u0105du [&hellip;]<\/p>\n","protected":false},"author":7,"featured_media":0,"parent":19,"menu_order":0,"comment_status":"closed","ping_status":"closed","template":"","meta":{"footnotes":""},"class_list":["post-459","page","type-page","status-publish","hentry","clearfix"],"_links":{"self":[{"href":"https:\/\/zsp15.edu.wroclaw.pl\/index.php\/wp-json\/wp\/v2\/pages\/459","targetHints":{"allow":["GET"]}}],"collection":[{"href":"https:\/\/zsp15.edu.wroclaw.pl\/index.php\/wp-json\/wp\/v2\/pages"}],"about":[{"href":"https:\/\/zsp15.edu.wroclaw.pl\/index.php\/wp-json\/wp\/v2\/types\/page"}],"author":[{"embeddable":true,"href":"https:\/\/zsp15.edu.wroclaw.pl\/index.php\/wp-json\/wp\/v2\/users\/7"}],"replies":[{"embeddable":true,"href":"https:\/\/zsp15.edu.wroclaw.pl\/index.php\/wp-json\/wp\/v2\/comments?post=459"}],"version-history":[{"count":22,"href":"https:\/\/zsp15.edu.wroclaw.pl\/index.php\/wp-json\/wp\/v2\/pages\/459\/revisions"}],"predecessor-version":[{"id":571,"href":"https:\/\/zsp15.edu.wroclaw.pl\/index.php\/wp-json\/wp\/v2\/pages\/459\/revisions\/571"}],"up":[{"embeddable":true,"href":"https:\/\/zsp15.edu.wroclaw.pl\/index.php\/wp-json\/wp\/v2\/pages\/19"}],"wp:attachment":[{"href":"https:\/\/zsp15.edu.wroclaw.pl\/index.php\/wp-json\/wp\/v2\/media?parent=459"}],"curies":[{"name":"wp","href":"https:\/\/api.w.org\/{rel}","templated":true}]}}