
{"id":463,"date":"2026-02-20T11:08:48","date_gmt":"2026-02-20T10:08:48","guid":{"rendered":"https:\/\/zsp15.edu.wroclaw.pl\/?page_id=463"},"modified":"2026-04-07T19:45:28","modified_gmt":"2026-04-07T17:45:28","slug":"higiena","status":"publish","type":"page","link":"https:\/\/zsp15.edu.wroclaw.pl\/index.php\/szkola-podstawowa-nr-25\/higiena\/","title":{"rendered":"Higiena"},"content":{"rendered":"<h4 style=\"text-align: center\">Program profilaktyki nadwagi i oty\u0142o\u015bci w \u015brodowisku dzieci<br \/>\ni m\u0142odzie\u017cy Wroc\u0142awia &#8222;Ucze\u0144 w Formie&#8221;<\/h4>\n<ul>\n<li><a href=\"https:\/\/zsp15.edu.wroclaw.pl\/?attachment_id=672\" target=\"_blank\" rel=\"noopener\">Informacja dla rodzic\u00f3w\/opiekun\u00f3w.docx (519 KB)<\/a><\/li>\n<li><a href=\"https:\/\/zsp15.edu.wroclaw.pl\/?attachment_id=675\" target=\"_blank\" rel=\"noopener\">Diagnoza &#8211; za\u015bwiadczenie od specjalisty.doc (333 KB)<\/a><\/li>\n<\/ul>\n<h4 style=\"text-align: center\"><a href=\"https:\/\/zsp15.edu.wroclaw.pl\/?attachment_id=674\" target=\"_blank\" rel=\"noopener\">Informator o WSZAWICY.pdf (2.64 MB)<\/a><\/h4>\n<h4 style=\"text-align: center\"><a href=\"https:\/\/zsp15.edu.wroclaw.pl\/?attachment_id=673\" target=\"_blank\" rel=\"noopener\">Terapia wad postawy i skolioz.pdf (294 KB)<\/a><\/h4>\n","protected":false},"excerpt":{"rendered":"<p>Program profilaktyki nadwagi i oty\u0142o\u015bci w \u015brodowisku dzieci i m\u0142odzie\u017cy Wroc\u0142awia &#8222;Ucze\u0144 w Formie&#8221; Informacja dla rodzic\u00f3w\/opiekun\u00f3w.docx (519 KB) Diagnoza &#8211; za\u015bwiadczenie od specjalisty.doc (333 KB) Informator o WSZAWICY.pdf (2.64 [&hellip;]<\/p>\n","protected":false},"author":7,"featured_media":0,"parent":19,"menu_order":0,"comment_status":"closed","ping_status":"closed","template":"","meta":{"footnotes":""},"class_list":["post-463","page","type-page","status-publish","hentry","clearfix"],"_links":{"self":[{"href":"https:\/\/zsp15.edu.wroclaw.pl\/index.php\/wp-json\/wp\/v2\/pages\/463","targetHints":{"allow":["GET"]}}],"collection":[{"href":"https:\/\/zsp15.edu.wroclaw.pl\/index.php\/wp-json\/wp\/v2\/pages"}],"about":[{"href":"https:\/\/zsp15.edu.wroclaw.pl\/index.php\/wp-json\/wp\/v2\/types\/page"}],"author":[{"embeddable":true,"href":"https:\/\/zsp15.edu.wroclaw.pl\/index.php\/wp-json\/wp\/v2\/users\/7"}],"replies":[{"embeddable":true,"href":"https:\/\/zsp15.edu.wroclaw.pl\/index.php\/wp-json\/wp\/v2\/comments?post=463"}],"version-history":[{"count":4,"href":"https:\/\/zsp15.edu.wroclaw.pl\/index.php\/wp-json\/wp\/v2\/pages\/463\/revisions"}],"predecessor-version":[{"id":1206,"href":"https:\/\/zsp15.edu.wroclaw.pl\/index.php\/wp-json\/wp\/v2\/pages\/463\/revisions\/1206"}],"up":[{"embeddable":true,"href":"https:\/\/zsp15.edu.wroclaw.pl\/index.php\/wp-json\/wp\/v2\/pages\/19"}],"wp:attachment":[{"href":"https:\/\/zsp15.edu.wroclaw.pl\/index.php\/wp-json\/wp\/v2\/media?parent=463"}],"curies":[{"name":"wp","href":"https:\/\/api.w.org\/{rel}","templated":true}]}}