
{"id":467,"date":"2026-02-20T11:53:04","date_gmt":"2026-02-20T10:53:04","guid":{"rendered":"https:\/\/zsp15.edu.wroclaw.pl\/?page_id=467"},"modified":"2026-03-19T11:56:47","modified_gmt":"2026-03-19T10:56:47","slug":"uwazna-szkola","status":"publish","type":"page","link":"https:\/\/zsp15.edu.wroclaw.pl\/index.php\/szkola-podstawowa-nr-25\/uwazna-szkola\/","title":{"rendered":"Uwa\u017cna szko\u0142a"},"content":{"rendered":"<div class=\"wpb-content-wrapper\"><p>[vc_row][vc_column][vc_column_text css=&#8221;&#8221;]<a href=\"https:\/\/zsp15.edu.wroclaw.pl\/index.php\/szkola-podstawowa-nr-25\/uwazna-szkola\/xrddafc0zlabwu2j579119040t23031017\/\" rel=\"attachment wp-att-688\"><img loading=\"lazy\" decoding=\"async\" class=\"wp-image-688 aligncenter\" src=\"https:\/\/zsp15.edu.wroclaw.pl\/wp-content\/uploads\/sites\/87\/2026\/02\/UWAZNA_SZKOLA.jpg\" alt=\"\" width=\"484\" height=\"253\" srcset=\"https:\/\/zsp15.edu.wroclaw.pl\/wp-content\/uploads\/sites\/87\/2026\/02\/UWAZNA_SZKOLA.jpg 1200w, https:\/\/zsp15.edu.wroclaw.pl\/wp-content\/uploads\/sites\/87\/2026\/02\/UWAZNA_SZKOLA-300x157.jpg 300w, https:\/\/zsp15.edu.wroclaw.pl\/wp-content\/uploads\/sites\/87\/2026\/02\/UWAZNA_SZKOLA-1024x536.jpg 1024w, https:\/\/zsp15.edu.wroclaw.pl\/wp-content\/uploads\/sites\/87\/2026\/02\/UWAZNA_SZKOLA-768x402.jpg 768w\" sizes=\"auto, (max-width: 484px) 100vw, 484px\" \/><\/a><\/p>\n<ul>\n<li><a href=\"https:\/\/zsp15.edu.wroclaw.pl\/?attachment_id=685\" target=\"_blank\" rel=\"noopener\">Informator dla szk\u00f3\u0142.pdf (780 KB)<\/a><\/li>\n<li><a href=\"https:\/\/zsp15.edu.wroclaw.pl\/?attachment_id=683\" target=\"_blank\" rel=\"noopener\">CZAS NA UWA\u017bNO\u015a\u0106.pdf (892 KB)<\/a><\/li>\n<\/ul>\n<p>[\/vc_column_text][\/vc_column][\/vc_row][vc_row full_width=&#8221;stretch_row_content&#8221; css=&#8221;.vc_custom_1771585089980{margin-top: 100px !important;}&#8221;][vc_column width=&#8221;1\/4&#8243;][\/vc_column][vc_column width=&#8221;3\/4&#8243;][vc_gallery type=&#8221;image_grid&#8221; images=&#8221;684,689,690&#8243; img_size=&#8221;large&#8221; css=&#8221;&#8221;][\/vc_column][\/vc_row]<\/p>\n<\/div>","protected":false},"excerpt":{"rendered":"<p>[vc_row][vc_column][vc_column_text css=&#8221;&#8221;] Informator dla szk\u00f3\u0142.pdf (780 KB) CZAS NA UWA\u017bNO\u015a\u0106.pdf (892 KB) [\/vc_column_text][\/vc_column][\/vc_row][vc_row full_width=&#8221;stretch_row_content&#8221; css=&#8221;.vc_custom_1771585089980{margin-top: 100px !important;}&#8221;][vc_column width=&#8221;1\/4&#8243;][\/vc_column][vc_column width=&#8221;3\/4&#8243;][vc_gallery type=&#8221;image_grid&#8221; images=&#8221;684,689,690&#8243; img_size=&#8221;large&#8221; css=&#8221;&#8221;][\/vc_column][\/vc_row]<\/p>\n","protected":false},"author":7,"featured_media":0,"parent":19,"menu_order":0,"comment_status":"closed","ping_status":"closed","template":"","meta":{"footnotes":""},"class_list":["post-467","page","type-page","status-publish","hentry","clearfix"],"_links":{"self":[{"href":"https:\/\/zsp15.edu.wroclaw.pl\/index.php\/wp-json\/wp\/v2\/pages\/467","targetHints":{"allow":["GET"]}}],"collection":[{"href":"https:\/\/zsp15.edu.wroclaw.pl\/index.php\/wp-json\/wp\/v2\/pages"}],"about":[{"href":"https:\/\/zsp15.edu.wroclaw.pl\/index.php\/wp-json\/wp\/v2\/types\/page"}],"author":[{"embeddable":true,"href":"https:\/\/zsp15.edu.wroclaw.pl\/index.php\/wp-json\/wp\/v2\/users\/7"}],"replies":[{"embeddable":true,"href":"https:\/\/zsp15.edu.wroclaw.pl\/index.php\/wp-json\/wp\/v2\/comments?post=467"}],"version-history":[{"count":8,"href":"https:\/\/zsp15.edu.wroclaw.pl\/index.php\/wp-json\/wp\/v2\/pages\/467\/revisions"}],"predecessor-version":[{"id":998,"href":"https:\/\/zsp15.edu.wroclaw.pl\/index.php\/wp-json\/wp\/v2\/pages\/467\/revisions\/998"}],"up":[{"embeddable":true,"href":"https:\/\/zsp15.edu.wroclaw.pl\/index.php\/wp-json\/wp\/v2\/pages\/19"}],"wp:attachment":[{"href":"https:\/\/zsp15.edu.wroclaw.pl\/index.php\/wp-json\/wp\/v2\/media?parent=467"}],"curies":[{"name":"wp","href":"https:\/\/api.w.org\/{rel}","templated":true}]}}