
{"id":471,"date":"2026-02-26T11:35:49","date_gmt":"2026-02-26T10:35:49","guid":{"rendered":"https:\/\/zsp15.edu.wroclaw.pl\/?page_id=471"},"modified":"2026-02-26T11:39:31","modified_gmt":"2026-02-26T10:39:31","slug":"j-polski-dla-obcokrajowcow","status":"publish","type":"page","link":"https:\/\/zsp15.edu.wroclaw.pl\/index.php\/szkola-podstawowa-nr-25\/j-polski-dla-obcokrajowcow\/","title":{"rendered":"J. polski dla obcokrajowc\u00f3w"},"content":{"rendered":"<h2 style=\"text-align: center;\">MATERIA\u0141Y DO NAUKI J\u0118ZYKA POLSKIEGO JAKO OBCEGO I DRUGIEGO<\/h2>\n<p style=\"text-align: center;\">Linki do strony Stowarzyszenia Wsp\u00f3lnota Polska.<br \/>\nNa stronie znajduj\u0105 si\u0119 podr\u0119czniki pt. J\u0119zyk Polski bez Granic. Do ka\u017cdej lekcji przygotowano tak\u017ce materia\u0142 d\u017awi\u0119kowy oraz inne materia\u0142y do nauki j\u0119zyka polskiego na r\u00f3\u017cnych poziomach znajomo\u015bci (A1, A2, B2).<br \/>\nStowarzyszenie Wsp\u00f3lnota Polska to organizacja, kt\u00f3rej celem jest umacnianie wi\u0119zi z Polsk\u0105 os\u00f3b polskiego pochodzenia i Polak\u00f3w zamieszka\u0142ych za granic\u0105.<\/p>\n<p style=\"text-align: center;\"><a href=\"https:\/\/liblink.pl\/RSZ2V1nn1jhttps:\/\/liblink.pl\/45BjzTeRSxhttps:\/\/liblink.pl\/JQopav5fOQ\">https:\/\/liblink.pl\/RSZ2V1nn1j<\/a><br \/>\n<a href=\"https:\/\/liblink.pl\/RSZ2V1nn1jhttps:\/\/liblink.pl\/45BjzTeRSxhttps:\/\/liblink.pl\/JQopav5fOQ\">https:\/\/liblink.pl\/45BjzTeRSx<\/a><br \/>\n<a href=\"https:\/\/liblink.pl\/RSZ2V1nn1jhttps:\/\/liblink.pl\/45BjzTeRSxhttps:\/\/liblink.pl\/JQopav5fOQ\">https:\/\/liblink.pl\/JQopav5fOQ<\/a><\/p>\n<p style=\"text-align: center;\">Na stronach znajduj\u0105 si\u0119 darmowe pomoce naukowe, materia\u0142y dydaktyczne lektury w j\u0119zyku ukrai\u0144skim, ksi\u0105\u017cki, bajki dla najm\u0142odszych, kolorowanki, audiobooki itp.<br \/>\n1.\u00a0<a title=\"\" href=\"https:\/\/liblink.pl\/u19CzWx2GO\" target=\"_blank\" rel=\"noopener\" aria-describedby=\"ui-tooltip-71\">https:\/\/liblink.pl\/u19CzWx2GO<\/a><br \/>\n2.\u00a0<a title=\"Link zosta\u0142 skonwertowany ze wzgl\u0119d\u00f3w bezpiecze\u0144stwa systemu.\" href=\"https:\/\/liblink.pl\/uma5DzGBfy\" target=\"_blank\" rel=\"noopener\">https:\/\/liblink.pl\/uma5DzGBfy<\/a><br \/>\n3.\u00a0<a title=\"Link zosta\u0142 skonwertowany ze wzgl\u0119d\u00f3w bezpiecze\u0144stwa systemu.\" href=\"https:\/\/liblink.pl\/PVe044AbK1\" target=\"_blank\" rel=\"noopener\">https:\/\/liblink.pl\/PVe044AbK1<\/a><br \/>\n4.\u00a0<a title=\"Link zosta\u0142 skonwertowany ze wzgl\u0119d\u00f3w bezpiecze\u0144stwa systemu.\" href=\"https:\/\/liblink.pl\/PVe044AbK1\" target=\"_blank\" rel=\"noopener\">https:\/\/liblink.pl\/PVe044AbK1<\/a><br \/>\n5.\u00a0<a title=\"Link zosta\u0142 skonwertowany ze wzgl\u0119d\u00f3w bezpiecze\u0144stwa systemu.\" href=\"https:\/\/liblink.pl\/UU4O1lnL4X\" target=\"_blank\" rel=\"noopener\">https:\/\/liblink.pl\/UU4O1lnL4X<\/a><br \/>\n6.\u00a0<a title=\"Link zosta\u0142 skonwertowany ze wzgl\u0119d\u00f3w bezpiecze\u0144stwa systemu.\" href=\"https:\/\/liblink.pl\/m1kkOddojP\" target=\"_blank\" rel=\"noopener\">https:\/\/liblink.pl\/m1kkOddojP<\/a><br \/>\n7. Podr\u0119cznik J\u0119zyk polski krok po kroku z lekcjami<br \/>\nom\u00f3wionymi w j\u0119zyku polskim i rosyjskim<br \/>\n<a title=\"Link zosta\u0142 skonwertowany ze wzgl\u0119d\u00f3w bezpiecze\u0144stwa systemu.\" href=\"https:\/\/liblink.pl\/WLnRFtMJC1\" target=\"_blank\" rel=\"noopener\">https:\/\/liblink.pl\/WLnRFtMJC1<\/a><br \/>\n8.\u00a0<a title=\"Link zosta\u0142 skonwertowany ze wzgl\u0119d\u00f3w bezpiecze\u0144stwa systemu.\" href=\"https:\/\/liblink.pl\/LFKzhcuogO\" target=\"_blank\" rel=\"noopener\">https:\/\/liblink.pl\/LFKzhcuogO<\/a><br \/>\n9.\u00a0<a title=\"Link zosta\u0142 skonwertowany ze wzgl\u0119d\u00f3w bezpiecze\u0144stwa systemu.\" href=\"https:\/\/liblink.pl\/82LsuKoGRk\" target=\"_blank\" rel=\"noopener\">https:\/\/liblink.pl\/82LsuKoGRk<\/a><br \/>\n10.\u00a0<a title=\"Link zosta\u0142 skonwertowany ze wzgl\u0119d\u00f3w bezpiecze\u0144stwa systemu.\" href=\"https:\/\/liblink.pl\/26xiJp4vBW\" target=\"_blank\" rel=\"noopener\">https:\/\/liblink.pl\/26xiJp4vBW<\/a><br \/>\n11.\u00a0<a title=\"Link zosta\u0142 skonwertowany ze wzgl\u0119d\u00f3w bezpiecze\u0144stwa systemu.\" href=\"https:\/\/liblink.pl\/jI4GIk7mla\" target=\"_blank\" rel=\"noopener\">https:\/\/liblink.pl\/jI4GIk7mla<\/a><br \/>\n12.\u00a0<a title=\"\" href=\"https:\/\/liblink.pl\/EaFsA9ngdl\" target=\"_blank\" rel=\"noopener\" aria-describedby=\"ui-tooltip-104\">https:\/\/liblink.pl\/EaFsA9ngdl<\/a><br \/>\n13.\u00a0<a title=\"Link zosta\u0142 skonwertowany ze wzgl\u0119d\u00f3w bezpiecze\u0144stwa systemu.\" href=\"https:\/\/liblink.pl\/LRP8w9SqO6\" target=\"_blank\" rel=\"noopener\">https:\/\/liblink.pl\/LRP8w9SqO6<\/a><br \/>\n14.\u00a0<a title=\"Link zosta\u0142 skonwertowany ze wzgl\u0119d\u00f3w bezpiecze\u0144stwa systemu.\" href=\"https:\/\/liblink.pl\/JeYQgvgTOH\" target=\"_blank\" rel=\"noopener\">https:\/\/liblink.pl\/JeYQgvgTOH<\/a><br \/>\n15.\u00a0<a title=\"Link zosta\u0142 skonwertowany ze wzgl\u0119d\u00f3w bezpiecze\u0144stwa systemu.\" href=\"https:\/\/liblink.pl\/IUIG8LpkKv\" target=\"_blank\" rel=\"noopener\">https:\/\/liblink.pl\/IUIG8LpkKv<\/a><br \/>\n16.\u00a0<a title=\"Link zosta\u0142 skonwertowany ze wzgl\u0119d\u00f3w bezpiecze\u0144stwa systemu.\" href=\"https:\/\/liblink.pl\/Q0rBd0GbTH\" target=\"_blank\" rel=\"noopener\">https:\/\/liblink.pl\/Q0rBd0GbTH<\/a><br \/>\n17.\u00a0<a title=\"Link zosta\u0142 skonwertowany ze wzgl\u0119d\u00f3w bezpiecze\u0144stwa systemu.\" href=\"https:\/\/liblink.pl\/aE7UJSRiGw\" target=\"_blank\" rel=\"noopener\">https:\/\/liblink.pl\/aE7UJSRiGw<\/a><br \/>\n18.\u00a0<a title=\"Link zosta\u0142 skonwertowany ze wzgl\u0119d\u00f3w bezpiecze\u0144stwa systemu.\" href=\"https:\/\/liblink.pl\/1Aj8Bp640J\" target=\"_blank\" rel=\"noopener\">https:\/\/liblink.pl\/1Aj8Bp640J<\/a><br \/>\n19.\u00a0<a title=\"Link zosta\u0142 skonwertowany ze wzgl\u0119d\u00f3w bezpiecze\u0144stwa systemu.\" href=\"https:\/\/liblink.pl\/Oax5sBtvZc\" target=\"_blank\" rel=\"noopener\">https:\/\/liblink.pl\/Oax5sBtvZc<\/a><br \/>\n20.\u00a0<a title=\"Link zosta\u0142 skonwertowany ze wzgl\u0119d\u00f3w bezpiecze\u0144stwa systemu.\" href=\"https:\/\/liblink.pl\/gKbi8gw6ul\" target=\"_blank\" rel=\"noopener\">https:\/\/liblink.pl\/gKbi8gw6ul<\/a><br \/>\n<a title=\"Link zosta\u0142 skonwertowany ze wzgl\u0119d\u00f3w bezpiecze\u0144stwa systemu.\" href=\"https:\/\/liblink.pl\/S6LlJ1sx3S\" target=\"_blank\" rel=\"noopener\">https:\/\/liblink.pl\/S6LlJ1sx3S<\/a><\/p>\n<p style=\"text-align: center;\">Link do\u00a0film\u00f3w dr Anny Rabczuk dotycz\u0105ce zagadnie\u0144 gramatycznych. Znajduj\u0105 si\u0119 na kanale Polski z Ani\u0105:<br \/>\n<a href=\"https:\/\/liblink.pl\/0LrF93ZiI5\" target=\"_blank\" rel=\"noopener\">https:\/\/liblink.pl\/0LrF93ZiI5<\/a><br \/>\nLink do pracy konsultant\u00f3w Dolno\u015bl\u0105skiego O\u015brodka Doskonalenia Nauczycieli:<\/p>\n<p style=\"text-align: center;\"><a href=\"https:\/\/liblink.pl\/N6AVVz8LZ9\" target=\"_blank\" rel=\"noopener\">https:\/\/liblink.pl\/N6AVVz8LZ9<\/a><\/p>\n<p style=\"text-align: center;\">Link z kursem j\u0119zyka polskiego Po polsku po Polsce, gdzie mo\u017cna znale\u017a\u0107 \u0107wiczenia<br \/>\nz poziomu A1 ale tak\u017ce inspiracj\u0119 do tworzenia w\u0142asnych materia\u0142\u00f3w:<br \/>\n<a href=\"https:\/\/liblink.pl\/hSywQhBv8W\" target=\"_blank\" rel=\"noopener\">https:\/\/liblink.pl\/hSywQhBv8W<\/a><\/p>\n","protected":false},"excerpt":{"rendered":"<p>MATERIA\u0141Y DO NAUKI J\u0118ZYKA POLSKIEGO JAKO OBCEGO I DRUGIEGO Linki do strony Stowarzyszenia Wsp\u00f3lnota Polska. Na stronie znajduj\u0105 si\u0119 podr\u0119czniki pt. J\u0119zyk Polski bez Granic. Do ka\u017cdej lekcji przygotowano tak\u017ce [&hellip;]<\/p>\n","protected":false},"author":7,"featured_media":0,"parent":19,"menu_order":0,"comment_status":"closed","ping_status":"closed","template":"","meta":{"footnotes":""},"class_list":["post-471","page","type-page","status-publish","hentry","clearfix"],"_links":{"self":[{"href":"https:\/\/zsp15.edu.wroclaw.pl\/index.php\/wp-json\/wp\/v2\/pages\/471","targetHints":{"allow":["GET"]}}],"collection":[{"href":"https:\/\/zsp15.edu.wroclaw.pl\/index.php\/wp-json\/wp\/v2\/pages"}],"about":[{"href":"https:\/\/zsp15.edu.wroclaw.pl\/index.php\/wp-json\/wp\/v2\/types\/page"}],"author":[{"embeddable":true,"href":"https:\/\/zsp15.edu.wroclaw.pl\/index.php\/wp-json\/wp\/v2\/users\/7"}],"replies":[{"embeddable":true,"href":"https:\/\/zsp15.edu.wroclaw.pl\/index.php\/wp-json\/wp\/v2\/comments?post=471"}],"version-history":[{"count":5,"href":"https:\/\/zsp15.edu.wroclaw.pl\/index.php\/wp-json\/wp\/v2\/pages\/471\/revisions"}],"predecessor-version":[{"id":721,"href":"https:\/\/zsp15.edu.wroclaw.pl\/index.php\/wp-json\/wp\/v2\/pages\/471\/revisions\/721"}],"up":[{"embeddable":true,"href":"https:\/\/zsp15.edu.wroclaw.pl\/index.php\/wp-json\/wp\/v2\/pages\/19"}],"wp:attachment":[{"href":"https:\/\/zsp15.edu.wroclaw.pl\/index.php\/wp-json\/wp\/v2\/media?parent=471"}],"curies":[{"name":"wp","href":"https:\/\/api.w.org\/{rel}","templated":true}]}}