
{"id":483,"date":"2026-03-04T11:45:09","date_gmt":"2026-03-04T10:45:09","guid":{"rendered":"https:\/\/zsp15.edu.wroclaw.pl\/?page_id=483"},"modified":"2026-03-04T11:50:41","modified_gmt":"2026-03-04T10:50:41","slug":"rodzice","status":"publish","type":"page","link":"https:\/\/zsp15.edu.wroclaw.pl\/index.php\/szkola-podstawowa-nr-25\/rodzice\/","title":{"rendered":"Rodzice"},"content":{"rendered":"<h2 style=\"text-align: center;\">2025\/2026<\/h2>\n<h3 style=\"text-align: center;\"><span style=\"font-size: 16px;\">Zaj\u0105c \u0141ukasz- przewodnicz\u0105cy<\/span><br \/>\n<span style=\"font-size: 16px;\">Prabucka Katarzyna &#8211; zast\u0119pca przewodnicz\u0105cego<\/span><br \/>\n<span style=\"font-size: 16px;\">Szylko Adam &#8211; zast\u0119pca przewodnicz\u0105cego<\/span><br \/>\n<span style=\"font-size: 16px;\">Nowecka-Chwi\u0142ka Beata &#8211; skarbnik<\/span><\/h3>\n<p style=\"text-align: center;\">Sk\u0142adka na Rad\u0119 Rodzic\u00f3w wynosi\u00a040 z\u0142<br \/>\nbez wzgl\u0119du na liczb\u0119 dzieci w szkole.<\/p>\n<h3 style=\"text-align: center;\">Numer KONTA RADY RODZIC\u00d3W:<\/h3>\n<p style=\"text-align: center;\">82 1090 2473 0000 0001 0799 9658<\/p>\n<p style=\"text-align: center;\">Informujemy, \u017ce wp\u0142aty za ksero, duplikaty legitymacji, itp. nale\u017cy kierowa\u0107 na nr rachunku:<\/p>\n<p style=\"text-align: center;\">06 1020 5226 0000 6502 0416 4323<\/p>\n","protected":false},"excerpt":{"rendered":"<p>2025\/2026 Zaj\u0105c \u0141ukasz- przewodnicz\u0105cy Prabucka Katarzyna &#8211; zast\u0119pca przewodnicz\u0105cego Szylko Adam &#8211; zast\u0119pca przewodnicz\u0105cego Nowecka-Chwi\u0142ka Beata &#8211; skarbnik Sk\u0142adka na Rad\u0119 Rodzic\u00f3w wynosi\u00a040 z\u0142 bez wzgl\u0119du na liczb\u0119 dzieci w [&hellip;]<\/p>\n","protected":false},"author":7,"featured_media":0,"parent":19,"menu_order":0,"comment_status":"closed","ping_status":"closed","template":"","meta":{"footnotes":""},"class_list":["post-483","page","type-page","status-publish","hentry","clearfix"],"_links":{"self":[{"href":"https:\/\/zsp15.edu.wroclaw.pl\/index.php\/wp-json\/wp\/v2\/pages\/483","targetHints":{"allow":["GET"]}}],"collection":[{"href":"https:\/\/zsp15.edu.wroclaw.pl\/index.php\/wp-json\/wp\/v2\/pages"}],"about":[{"href":"https:\/\/zsp15.edu.wroclaw.pl\/index.php\/wp-json\/wp\/v2\/types\/page"}],"author":[{"embeddable":true,"href":"https:\/\/zsp15.edu.wroclaw.pl\/index.php\/wp-json\/wp\/v2\/users\/7"}],"replies":[{"embeddable":true,"href":"https:\/\/zsp15.edu.wroclaw.pl\/index.php\/wp-json\/wp\/v2\/comments?post=483"}],"version-history":[{"count":6,"href":"https:\/\/zsp15.edu.wroclaw.pl\/index.php\/wp-json\/wp\/v2\/pages\/483\/revisions"}],"predecessor-version":[{"id":778,"href":"https:\/\/zsp15.edu.wroclaw.pl\/index.php\/wp-json\/wp\/v2\/pages\/483\/revisions\/778"}],"up":[{"embeddable":true,"href":"https:\/\/zsp15.edu.wroclaw.pl\/index.php\/wp-json\/wp\/v2\/pages\/19"}],"wp:attachment":[{"href":"https:\/\/zsp15.edu.wroclaw.pl\/index.php\/wp-json\/wp\/v2\/media?parent=483"}],"curies":[{"name":"wp","href":"https:\/\/api.w.org\/{rel}","templated":true}]}}