
{"id":485,"date":"2026-03-04T12:06:05","date_gmt":"2026-03-04T11:06:05","guid":{"rendered":"https:\/\/zsp15.edu.wroclaw.pl\/?page_id=485"},"modified":"2026-03-04T14:26:21","modified_gmt":"2026-03-04T13:26:21","slug":"specjalisci","status":"publish","type":"page","link":"https:\/\/zsp15.edu.wroclaw.pl\/index.php\/szkola-podstawowa-nr-25\/specjalisci\/","title":{"rendered":"Specjali\u015bci"},"content":{"rendered":"<div class=\"wpb-content-wrapper\"><p>[vc_row full_width=&#8221;stretch_row_content&#8221;][vc_column][vc_column_text css=&#8221;&#8221;]<\/p>\n<h2 style=\"text-align: center;\"><span style=\"font-size: 20px;\">GRAFIK PRACY LOGOPED\u00d3W 2025\/2026<\/span><\/h2>\n<table style=\"height: 96px; width: 100%; border-collapse: collapse; background-color: #dedede;\" border=\"1\">\n<tbody>\n<tr style=\"height: 24px;\">\n<td style=\"width: 16.6667%; height: 24px;\"><\/td>\n<td style=\"width: 16.6667%; height: 24px; text-align: center;\">poniedzia\u0142ek<\/td>\n<td style=\"width: 16.7787%; height: 24px; text-align: center;\">wtorek<\/td>\n<td style=\"width: 16.5547%; height: 24px; text-align: center;\">\u015broda<\/td>\n<td style=\"width: 16.6667%; height: 24px; text-align: center;\">czwartek<\/td>\n<td style=\"width: 16.6667%; height: 24px; text-align: center;\">pi\u0105tek<\/td>\n<\/tr>\n<tr style=\"height: 24px;\">\n<td style=\"width: 16.6667%; height: 24px; text-align: center;\">Agnieszka Kostu\u0144<\/td>\n<td style=\"width: 16.6667%; height: 24px; text-align: center;\">10.00 \u2013 14.00<\/td>\n<td style=\"width: 16.7787%; height: 24px; text-align: center;\">8.30 \u2013 14.00<\/td>\n<td style=\"width: 16.5547%; height: 24px; text-align: center;\">9.00 \u2013 13.30<\/td>\n<td style=\"width: 16.6667%; height: 24px; text-align: center;\">8.30 \u2013 13.30<\/td>\n<td style=\"width: 16.6667%; height: 24px; text-align: center;\">9.00 \u2013 12.00<\/td>\n<\/tr>\n<tr style=\"height: 24px;\">\n<td style=\"width: 16.6667%; height: 24px; text-align: center;\">Ewa Leszczy\u0144ska<\/td>\n<td style=\"width: 16.6667%; height: 24px; text-align: center;\">10.30 \u2013 15.00<\/td>\n<td style=\"width: 16.7787%; height: 24px; text-align: center;\">9.00 \u2013 15.00<\/td>\n<td style=\"width: 16.5547%; height: 24px; text-align: center;\">9.00 \u2013 14.00<\/td>\n<td style=\"width: 16.6667%; height: 24px; text-align: center;\">9.00 \u2013 14.00<\/td>\n<td style=\"width: 16.6667%; height: 24px; text-align: center;\">9.00 \u2013 13.30<\/td>\n<\/tr>\n<tr style=\"height: 24px;\">\n<td style=\"width: 16.6667%; height: 24px; text-align: center;\">Agnieszka \u0141azarska<\/td>\n<td style=\"width: 16.6667%; height: 24px; text-align: center;\">8.00 \u2013 14.00<\/td>\n<td style=\"width: 16.7787%; height: 24px; text-align: center;\">8.00 \u2013 15.00<\/td>\n<td style=\"width: 16.5547%; height: 24px; text-align: center;\">8.00 \u2013 14.00<\/td>\n<td style=\"width: 16.6667%; height: 24px; text-align: center;\">8.00 \u2013 13.00<\/td>\n<td style=\"width: 16.6667%; height: 24px; text-align: center;\">8.00 \u2013 12.00<\/td>\n<\/tr>\n<\/tbody>\n<\/table>\n<h2 style=\"text-align: center;\"><span style=\"font-size: 20px;\">GRAFIK PRACY PEDAGOG\u00d3W 2025\/2026<\/span><\/h2>\n<table style=\"height: 96px; width: 100%; border-collapse: collapse; background-color: #dedede;\" border=\"1\">\n<tbody>\n<tr style=\"height: 24px;\">\n<td style=\"width: 16.6667%; height: 24px;\"><\/td>\n<td style=\"width: 16.6667%; height: 24px; text-align: center;\">poniedzia\u0142ek<\/td>\n<td style=\"width: 16.7787%; height: 24px; text-align: center;\">wtorek<\/td>\n<td style=\"width: 16.5547%; height: 24px; text-align: center;\">\u015broda<\/td>\n<td style=\"width: 16.6667%; height: 24px; text-align: center;\">czwartek<\/td>\n<td style=\"width: 16.6667%; height: 24px; text-align: center;\">pi\u0105tek<\/td>\n<\/tr>\n<tr style=\"height: 24px;\">\n<td style=\"width: 16.6667%; height: 24px; text-align: center;\">&nbsp;<\/p>\n<p><strong>Beata Wola\u0144ska<\/strong><\/p>\n<p>&nbsp;<\/td>\n<td style=\"width: 16.6667%; height: 24px; text-align: center;\">08.30 \u2013 10.15 l.4 matematyka 6a 11.15 -14.00<\/td>\n<td style=\"width: 16.7787%; height: 24px; text-align: center;\">09.00 \u2013 12.00 l. 6 \u2013 zaj\u0119cia wyr\u00f3wnawcze 6a 13.00- 14.00<\/td>\n<td style=\"width: 16.5547%; height: 24px; text-align: center;\">11.00 &#8211; 14.00 l.8 matematyka 15.00 &#8211; 17.00<\/p>\n<p>&nbsp;<\/td>\n<td style=\"width: 16.6667%; height: 24px; text-align: center;\">l.2 matematyka 6a 09.30 \u2013 14.00<\/p>\n<p>&nbsp;<\/td>\n<td style=\"width: 16.6667%; height: 24px; text-align: center;\">l.2 matematyka 6a 09.30 \u2013 13.00<\/p>\n<p>&nbsp;<\/td>\n<\/tr>\n<tr style=\"height: 24px;\">\n<td style=\"width: 16.6667%; height: 24px; text-align: center;\"><strong>Aneta Bukowska<\/strong><\/td>\n<td style=\"width: 16.6667%; height: 24px; text-align: center;\">09.00 \u2013 12.00 Przedszkole nr 11 14.15 \u2013 16.45<\/td>\n<td style=\"width: 16.7787%; height: 24px; text-align: center;\">09.00 \u2013 13.00<\/td>\n<td style=\"width: 16.5547%; height: 24px; text-align: center;\">08.30 \u2013 12.00<\/td>\n<td style=\"width: 16.6667%; height: 24px; text-align: center;\">11.00 \u2013 17.00<\/td>\n<td style=\"width: 16.6667%; height: 24px; text-align: center;\">08.30 \u2013 11.30 Przedszkole nr 11<\/td>\n<\/tr>\n<tr>\n<td style=\"width: 16.6667%; text-align: center;\"><strong>Paulina Lew <\/strong><\/td>\n<td style=\"width: 16.6667%; text-align: center;\">9.00 \u2013 14.00<\/td>\n<td style=\"width: 16.7787%; text-align: center;\">8.30 \u2013 14.30<\/td>\n<td style=\"width: 16.5547%; text-align: center;\">10.00 \u2013 17.00<\/td>\n<td style=\"width: 16.6667%; text-align: center;\">8.00 \u2013 12.00<\/td>\n<td style=\"width: 16.6667%; text-align: center;\">&#8211;<\/td>\n<\/tr>\n<tr>\n<td style=\"width: 16.6667%; text-align: center;\"><strong>Wojciech Komsta<\/strong><\/td>\n<td style=\"width: 16.6667%; text-align: center;\">&#8211;<\/td>\n<td style=\"width: 16.7787%; text-align: center;\">8.30 \u2013 14.00<\/td>\n<td style=\"width: 16.5547%; text-align: center;\">8.30 \u2013 14.00<\/td>\n<td style=\"width: 16.6667%; text-align: center;\">8.30 \u2013 14.00<\/td>\n<td style=\"width: 16.6667%; text-align: center;\">9.00 \u2013 14.30<\/td>\n<\/tr>\n<\/tbody>\n<\/table>\n<h2 style=\"text-align: center;\"><span style=\"font-size: 20px;\">GRAFIK PRACY PEDAGOGA SPECJALNEGO 2025\/2026\u00a0<\/span><\/h2>\n<table style=\"height: 96px; width: 100%; border-collapse: collapse; background-color: #dedede;\" border=\"1\">\n<tbody>\n<tr style=\"height: 24px;\">\n<td style=\"width: 16.6667%; height: 24px;\"><\/td>\n<td style=\"width: 16.6667%; height: 24px; text-align: center;\">poniedzia\u0142ek<\/td>\n<td style=\"width: 16.7787%; height: 24px; text-align: center;\">wtorek<\/td>\n<td style=\"width: 16.5547%; height: 24px; text-align: center;\">\u015broda<\/td>\n<td style=\"width: 16.6667%; height: 24px; text-align: center;\">czwartek<\/td>\n<td style=\"width: 16.6667%; height: 24px; text-align: center;\">pi\u0105tek<\/td>\n<\/tr>\n<tr style=\"height: 24px;\">\n<td style=\"width: 16.6667%; height: 24px; text-align: center;\"><strong>Ewelina Czerniakowska<\/strong><\/td>\n<td style=\"width: 16.6667%; height: 24px; text-align: center;\">10.00 \u2013 16.00 (10.30 -11.30 Przedszkole nr 11)<\/td>\n<td style=\"width: 16.7787%; height: 24px; text-align: center;\">08.30 \u2013 14.30 (10.00-11.00 Przedszkole nr 11)<\/td>\n<td style=\"width: 16.5547%; height: 24px; text-align: center;\">08.30 &#8211; 14.30 (09.00-11.00 Przedszkole nr 11)<\/td>\n<td style=\"width: 16.6667%; height: 24px; text-align: center;\">09.00 \u2013 14.00 (09.00-10.00 Przedszkole nr 11)<\/td>\n<td style=\"width: 16.6667%; height: 24px; text-align: center;\">08.30 \u2013 13.30 (11.30-12.30 Przedszkole nr 11)<\/td>\n<\/tr>\n<\/tbody>\n<\/table>\n<p>[\/vc_column_text][\/vc_column][\/vc_row]<\/p>\n<\/div>","protected":false},"excerpt":{"rendered":"<p>[vc_row full_width=&#8221;stretch_row_content&#8221;][vc_column][vc_column_text css=&#8221;&#8221;] GRAFIK PRACY LOGOPED\u00d3W 2025\/2026 poniedzia\u0142ek wtorek \u015broda czwartek pi\u0105tek Agnieszka Kostu\u0144 10.00 \u2013 14.00 8.30 \u2013 14.00 9.00 \u2013 13.30 8.30 \u2013 13.30 9.00 \u2013 12.00 Ewa [&hellip;]<\/p>\n","protected":false},"author":7,"featured_media":0,"parent":19,"menu_order":0,"comment_status":"closed","ping_status":"closed","template":"","meta":{"footnotes":""},"class_list":["post-485","page","type-page","status-publish","hentry","clearfix"],"_links":{"self":[{"href":"https:\/\/zsp15.edu.wroclaw.pl\/index.php\/wp-json\/wp\/v2\/pages\/485","targetHints":{"allow":["GET"]}}],"collection":[{"href":"https:\/\/zsp15.edu.wroclaw.pl\/index.php\/wp-json\/wp\/v2\/pages"}],"about":[{"href":"https:\/\/zsp15.edu.wroclaw.pl\/index.php\/wp-json\/wp\/v2\/types\/page"}],"author":[{"embeddable":true,"href":"https:\/\/zsp15.edu.wroclaw.pl\/index.php\/wp-json\/wp\/v2\/users\/7"}],"replies":[{"embeddable":true,"href":"https:\/\/zsp15.edu.wroclaw.pl\/index.php\/wp-json\/wp\/v2\/comments?post=485"}],"version-history":[{"count":12,"href":"https:\/\/zsp15.edu.wroclaw.pl\/index.php\/wp-json\/wp\/v2\/pages\/485\/revisions"}],"predecessor-version":[{"id":794,"href":"https:\/\/zsp15.edu.wroclaw.pl\/index.php\/wp-json\/wp\/v2\/pages\/485\/revisions\/794"}],"up":[{"embeddable":true,"href":"https:\/\/zsp15.edu.wroclaw.pl\/index.php\/wp-json\/wp\/v2\/pages\/19"}],"wp:attachment":[{"href":"https:\/\/zsp15.edu.wroclaw.pl\/index.php\/wp-json\/wp\/v2\/media?parent=485"}],"curies":[{"name":"wp","href":"https:\/\/api.w.org\/{rel}","templated":true}]}}