
{"id":491,"date":"2026-03-19T11:10:47","date_gmt":"2026-03-19T10:10:47","guid":{"rendered":"https:\/\/zsp15.edu.wroclaw.pl\/?page_id=491"},"modified":"2026-04-24T18:17:29","modified_gmt":"2026-04-24T16:17:29","slug":"projekty","status":"publish","type":"page","link":"https:\/\/zsp15.edu.wroclaw.pl\/index.php\/szkola-podstawowa-nr-25\/projekty\/","title":{"rendered":"Projekty"},"content":{"rendered":"<h2 style=\"text-align: center\"><span style=\"color: #333333\">2025\/26<\/span><\/h2>\n<p style=\"text-align: center\"><a href=\"https:\/\/zsp15.edu.wroclaw.pl\/wp-content\/uploads\/sites\/87\/2026\/04\/spis_tresci_ABC.pdf\" target=\"_blank\" rel=\"noopener\">ABC OF MENTAL HEALTH.pdf (260 KB)<\/a><br \/>\n<a href=\"https:\/\/zsp15.edu.wroclaw.pl\/?attachment_id=966\" target=\"_blank\" rel=\"noopener\">ORIGAMI A MATEMATYKA.pdf (580 KB)<\/a><br \/>\n<a href=\"https:\/\/zsp15.edu.wroclaw.pl\/?attachment_id=968\" target=\"_blank\" rel=\"noopener\">HALLOWEEN NA MATEMATYCE.pdf (396 KB)<\/a><br \/>\n<a href=\"https:\/\/zsp15.edu.wroclaw.pl\/wp-content\/uploads\/sites\/87\/2026\/04\/spis_akademiaruchu-1.pdf\" target=\"_blank\" rel=\"noopener\">EDUKACJA W RUCHU.pdf (304KB)<\/a><\/p>\n<p style=\"text-align: center\"><a href=\"https:\/\/zsp15.edu.wroclaw.pl\/?attachment_id=971\" target=\"_blank\" rel=\"noopener\">CYFROWA SZANASA &#8211; INFORMACJE OG\u00d3LNE.pdf (254 KB)<\/a><br \/>\n<a href=\"https:\/\/zsp15.edu.wroclaw.pl\/?attachment_id=969\" target=\"_blank\" rel=\"noopener\">CYFROWA SZANSA.pdf (148 KB)<\/a><br \/>\n<a href=\"https:\/\/zsp15.edu.wroclaw.pl\/?attachment_id=970\" target=\"_blank\" rel=\"noopener\">KAMPANIA BEZ PRZEMOCY.pdf (232 KB)<\/a><br \/>\n<a href=\"https:\/\/zsp15.edu.wroclaw.pl\/?attachment_id=972\" target=\"_blank\" rel=\"noopener\">CZTERY PORY UWA\u017bNO\u015aCI.pdf (584 KB)<\/a><\/p>\n<h2 style=\"text-align: center\"><span style=\"color: #333333\">2024\/25<\/span><\/h2>\n<p style=\"text-align: center\"><a href=\"https:\/\/zsp15.edu.wroclaw.pl\/?attachment_id=961\" target=\"_blank\" rel=\"noopener\">Matematyczne \u017cyczenia.pdf (56 KB)<\/a><br \/>\n<a href=\"https:\/\/zsp15.edu.wroclaw.pl\/?attachment_id=962\" target=\"_blank\" rel=\"noopener\">Mozaika 80-lecie SP 25.pdf (311 KB)<\/a><br \/>\n<a href=\"https:\/\/zsp15.edu.wroclaw.pl\/?attachment_id=963\" target=\"_blank\" rel=\"noopener\">Edukacja w ruchu.pdf (840 KB)<\/a><br \/>\n<a href=\"https:\/\/zsp15.edu.wroclaw.pl\/?attachment_id=964\" target=\"_blank\" rel=\"noopener\">Godzina dla M\u0142odych G\u0142\u00f3w_5C.pdf (67 KB)<\/a><\/p>\n<h2 style=\"text-align: center\"><span style=\"color: #333333\">PROJEKT CYFROWA SZANSA<\/span><\/h2>\n<p style=\"text-align: center\"><a href=\"https:\/\/zsp15.edu.wroclaw.pl\/wp-content\/uploads\/sites\/87\/2026\/03\/1d_CSZ_maj2-scaled.jpg\" target=\"_blank\" rel=\"noopener\">Fotorelacja 2 maj kl 1c.jpg (1.7 MB)<\/a><br \/>\n<a href=\"https:\/\/zsp15.edu.wroclaw.pl\/wp-content\/uploads\/sites\/87\/2026\/03\/1d_CSZ_maj1-scaled.jpg\" target=\"_blank\" rel=\"noopener\">Fotorelacja 1 kl 1c.jpg (1.8 MB)<\/a><\/p>\n<p>&nbsp;<\/p>\n","protected":false},"excerpt":{"rendered":"<p>2025\/26 ABC OF MENTAL HEALTH.pdf (260 KB) ORIGAMI A MATEMATYKA.pdf (580 KB) HALLOWEEN NA MATEMATYCE.pdf (396 KB) EDUKACJA W RUCHU.pdf (304KB) CYFROWA SZANASA &#8211; INFORMACJE OG\u00d3LNE.pdf (254 KB) CYFROWA SZANSA.pdf [&hellip;]<\/p>\n","protected":false},"author":7,"featured_media":0,"parent":19,"menu_order":0,"comment_status":"closed","ping_status":"closed","template":"","meta":{"footnotes":""},"class_list":["post-491","page","type-page","status-publish","hentry","clearfix"],"_links":{"self":[{"href":"https:\/\/zsp15.edu.wroclaw.pl\/index.php\/wp-json\/wp\/v2\/pages\/491","targetHints":{"allow":["GET"]}}],"collection":[{"href":"https:\/\/zsp15.edu.wroclaw.pl\/index.php\/wp-json\/wp\/v2\/pages"}],"about":[{"href":"https:\/\/zsp15.edu.wroclaw.pl\/index.php\/wp-json\/wp\/v2\/types\/page"}],"author":[{"embeddable":true,"href":"https:\/\/zsp15.edu.wroclaw.pl\/index.php\/wp-json\/wp\/v2\/users\/7"}],"replies":[{"embeddable":true,"href":"https:\/\/zsp15.edu.wroclaw.pl\/index.php\/wp-json\/wp\/v2\/comments?post=491"}],"version-history":[{"count":8,"href":"https:\/\/zsp15.edu.wroclaw.pl\/index.php\/wp-json\/wp\/v2\/pages\/491\/revisions"}],"predecessor-version":[{"id":1287,"href":"https:\/\/zsp15.edu.wroclaw.pl\/index.php\/wp-json\/wp\/v2\/pages\/491\/revisions\/1287"}],"up":[{"embeddable":true,"href":"https:\/\/zsp15.edu.wroclaw.pl\/index.php\/wp-json\/wp\/v2\/pages\/19"}],"wp:attachment":[{"href":"https:\/\/zsp15.edu.wroclaw.pl\/index.php\/wp-json\/wp\/v2\/media?parent=491"}],"curies":[{"name":"wp","href":"https:\/\/api.w.org\/{rel}","templated":true}]}}