
{"id":7,"date":"2025-10-10T12:57:24","date_gmt":"2025-10-10T10:57:24","guid":{"rendered":"https:\/\/zsp15.edu.wroclaw.pl\/?page_id=7"},"modified":"2025-11-07T07:26:08","modified_gmt":"2025-11-07T06:26:08","slug":"o-nas","status":"publish","type":"page","link":"https:\/\/zsp15.edu.wroclaw.pl\/index.php\/o-nas\/","title":{"rendered":"O nas"},"content":{"rendered":"<p><span data-contrast=\"auto\"><span class=\"NormalTextRun SCXW213955022 BCX0\">Jeste\u015bmy<\/span><span class=\"NormalTextRun SCXW213955022 BCX0\"> nowoczesn\u0105 i przyjazn\u0105 dzieciom plac\u00f3wk\u0105 edukacyjn\u0105. <\/span><\/span><span data-contrast=\"auto\">Pracuj\u0105 tu kompetentni i pe\u0142ni pasji nauczyciele, kt\u00f3rzy z zaanga\u017cowaniem wspieraj\u0105 rozw\u00f3j ka\u017cdego dziecka, inspiruj\u0105 do nauki i pomagaj\u0105 odkrywa\u0107 talenty. Dysponujemy nowoczesn\u0105 i dobrze wyposa\u017con\u0105 baz\u0105 dydaktyczn\u0105, kt\u00f3ra umo\u017cliwia realizacj\u0119 ciekawych zaj\u0119\u0107, innowacyjnych projekt\u00f3w i r\u00f3\u017cnorodnych form aktywno\u015bci.<\/span><span data-ccp-props=\"{&quot;335551550&quot;:6,&quot;335551620&quot;:6}\">\u00a0<\/span><\/p>\n<p><span data-contrast=\"auto\">Plac\u00f3wka bierze udzia\u0142 w licznych projektach edukacyjnych, ekologicznych i spo\u0142ecznych, zar\u00f3wno miejskich, jak i og\u00f3lnopolskich. Aktywnie wsp\u00f3\u0142pracujemy ze spo\u0142eczno\u015bci\u0105 lokaln\u0105, instytucjami kultury, sportu oraz organizacjami wspieraj\u0105cymi rozw\u00f3j dziecka. Dzi\u0119ki temu uczniowie ucz\u0105 si\u0119 odpowiedzialno\u015bci, empatii i zaanga\u017cowania w \u017cycie swojej dzielnicy.<\/span><span data-ccp-props=\"{&quot;335551550&quot;:6,&quot;335551620&quot;:6}\">\u00a0<\/span><\/p>\n<p><span data-contrast=\"auto\">W ZSP nr 15 stawiamy na wsp\u00f3\u0142prac\u0119 z rodzicami, partnerstwo i dobr\u0105 komunikacj\u0119, tworz\u0105c miejsce, do kt\u00f3rego dzieci przychodz\u0105 z rado\u015bci\u0105, a rodzice \u2013 z zaufaniem.<\/span><span data-ccp-props=\"{&quot;335551550&quot;:6,&quot;335551620&quot;:6}\">\u00a0<\/span><\/p>\n","protected":false},"excerpt":{"rendered":"<p>Jeste\u015bmy nowoczesn\u0105 i przyjazn\u0105 dzieciom plac\u00f3wk\u0105 edukacyjn\u0105. Pracuj\u0105 tu kompetentni i pe\u0142ni pasji nauczyciele, kt\u00f3rzy z zaanga\u017cowaniem wspieraj\u0105 rozw\u00f3j ka\u017cdego dziecka, inspiruj\u0105 do nauki i pomagaj\u0105 odkrywa\u0107 talenty. Dysponujemy nowoczesn\u0105 [&hellip;]<\/p>\n","protected":false},"author":7,"featured_media":0,"parent":0,"menu_order":0,"comment_status":"closed","ping_status":"closed","template":"","meta":{"footnotes":""},"class_list":["post-7","page","type-page","status-publish","hentry","clearfix"],"_links":{"self":[{"href":"https:\/\/zsp15.edu.wroclaw.pl\/index.php\/wp-json\/wp\/v2\/pages\/7","targetHints":{"allow":["GET"]}}],"collection":[{"href":"https:\/\/zsp15.edu.wroclaw.pl\/index.php\/wp-json\/wp\/v2\/pages"}],"about":[{"href":"https:\/\/zsp15.edu.wroclaw.pl\/index.php\/wp-json\/wp\/v2\/types\/page"}],"author":[{"embeddable":true,"href":"https:\/\/zsp15.edu.wroclaw.pl\/index.php\/wp-json\/wp\/v2\/users\/7"}],"replies":[{"embeddable":true,"href":"https:\/\/zsp15.edu.wroclaw.pl\/index.php\/wp-json\/wp\/v2\/comments?post=7"}],"version-history":[{"count":4,"href":"https:\/\/zsp15.edu.wroclaw.pl\/index.php\/wp-json\/wp\/v2\/pages\/7\/revisions"}],"predecessor-version":[{"id":206,"href":"https:\/\/zsp15.edu.wroclaw.pl\/index.php\/wp-json\/wp\/v2\/pages\/7\/revisions\/206"}],"wp:attachment":[{"href":"https:\/\/zsp15.edu.wroclaw.pl\/index.php\/wp-json\/wp\/v2\/media?parent=7"}],"curies":[{"name":"wp","href":"https:\/\/api.w.org\/{rel}","templated":true}]}}