
{"id":795,"date":"2026-03-04T14:27:00","date_gmt":"2026-03-04T13:27:00","guid":{"rendered":"https:\/\/zsp15.edu.wroclaw.pl\/?page_id=795"},"modified":"2026-03-05T12:29:22","modified_gmt":"2026-03-05T11:29:22","slug":"kacik-pedagoga","status":"publish","type":"page","link":"https:\/\/zsp15.edu.wroclaw.pl\/index.php\/szkola-podstawowa-nr-25\/specjalisci\/kacik-pedagoga\/","title":{"rendered":"K\u0105cik pedagoga"},"content":{"rendered":"<h2 style=\"text-align: center;\"><span style=\"font-size: 20px;\">Szanowni Pa\u0144stwo<\/span><\/h2>\n<p style=\"text-align: center;\">Serdecznie zapraszamy do wsp\u00f3\u0142pracy w ramach pomocy psychologiczno-pedagogicznej organizowanej na terenie Szko\u0142y Podstawowej nr 25 .<\/p>\n<p style=\"text-align: center;\"><a href=\"https:\/\/zsp15.edu.wroclaw.pl\/wp-content\/uploads\/sites\/87\/2026\/03\/Specjalisci_SP25.mp4\" target=\"_blank\" rel=\"noopener\">\u00a0POZNAJCIE NAS &#8211; SPECJALI\u015aCI.mp4 (37.5 MB)<\/a><\/p>\n<p style=\"text-align: center;\"><a href=\"https:\/\/zsp15.edu.wroclaw.pl\/index.php\/kacik-pedagoga\/wniosek_pomoc-2\/\" target=\"_blank\" rel=\"noopener\">Wniosek rodzica o obj\u0119cie ucznia SP nr 25 pomoc\u0105 psychologiczno-pedagogiczn\u0105.pdf (269 KB)<\/a><\/p>\n<h3><\/h3>\n<p>&nbsp;<\/p>\n<h3 style=\"text-align: center;\"><span style=\"font-size: 16px;\">Warto zajrze\u0107<\/span><\/h3>\n<p style=\"text-align: center;\"><a href=\"https:\/\/padlet.com\/paulinalewlew\/9gs6ottmn5lqaj04\" target=\"_blank\" rel=\"noopener\">Inspiracje dla rodzic\u00f3w i opiekun\u00f3w<\/a><\/p>\n<p style=\"text-align: center;\">Ciekawe gry\u00a0 i aplikacje edukacyjne na tablet lub telefon dla najm\u0142odszych<\/p>\n<p style=\"text-align: center;\"><a href=\"https:\/\/pedagogika-specjalna.edu.pl\/terapia-pedagogiczna\/zabawy-zajecia-relaksacyjne-techniki-polepszajace-pamiec-wedlug-paula-dennisona-tworcy-kinezjologii-edukacyjnej\/\" target=\"_blank\" rel=\"noopener\">Zaj\u0119cia i zabawy relaksacyjne, techniki polepszaj\u0105ce pami\u0119\u0107<\/a><\/p>\n<p style=\"text-align: center;\"><a href=\"https:\/\/www.facebook.com\/cojanato\/videos\/146637756597289\/\" target=\"_blank\" rel=\"noopener\">Pierwsza pomoc przy trudnych uczuciach<\/a><\/p>\n<h3><\/h3>\n<h3><\/h3>\n<h3 style=\"text-align: center;\"><span style=\"font-size: 16px;\">Warto przeczyta\u0107<\/span><\/h3>\n<p style=\"text-align: center;\">Uzale\u017cnienia behawioralne- zestawienie broszur<\/p>\n<p style=\"text-align: center;\">Bli\u017cej siebie, dalej od narkotyk\u00f3w<\/p>\n<p style=\"text-align: center;\"><a href=\"https:\/\/dziecisawazne.pl\/leki-u-dzieci-jak-sobie-z-nimi-radzic\/\" target=\"_blank\" rel=\"noopener\">Dzieci\u0119ce l\u0119ki<\/a><\/p>\n<p style=\"text-align: center;\"><a href=\"https:\/\/dziecisawazne.pl\/lek-w-rodzicielstwie-dlaczego-warto-go-zrozumiec\/\" target=\"_blank\" rel=\"noopener\">L\u0119ki rodzic\u00f3w<\/a><\/p>\n<p style=\"text-align: center;\"><a href=\"https:\/\/karolinapiotrowska.com\/wp-content\/uploads\/2020\/03\/zostanwdomuebook.pdf?v=9b7d173b068d\" target=\"_blank\" rel=\"noopener\">Bajka o epidemii, wirusach, zdrowiu i innych wa\u017cnych rzeczach<\/a><\/p>\n","protected":false},"excerpt":{"rendered":"<p>Szanowni Pa\u0144stwo Serdecznie zapraszamy do wsp\u00f3\u0142pracy w ramach pomocy psychologiczno-pedagogicznej organizowanej na terenie Szko\u0142y Podstawowej nr 25 . \u00a0POZNAJCIE NAS &#8211; SPECJALI\u015aCI.mp4 (37.5 MB) Wniosek rodzica o obj\u0119cie ucznia SP [&hellip;]<\/p>\n","protected":false},"author":7,"featured_media":0,"parent":485,"menu_order":0,"comment_status":"closed","ping_status":"closed","template":"","meta":{"footnotes":""},"class_list":["post-795","page","type-page","status-publish","hentry","clearfix"],"_links":{"self":[{"href":"https:\/\/zsp15.edu.wroclaw.pl\/index.php\/wp-json\/wp\/v2\/pages\/795","targetHints":{"allow":["GET"]}}],"collection":[{"href":"https:\/\/zsp15.edu.wroclaw.pl\/index.php\/wp-json\/wp\/v2\/pages"}],"about":[{"href":"https:\/\/zsp15.edu.wroclaw.pl\/index.php\/wp-json\/wp\/v2\/types\/page"}],"author":[{"embeddable":true,"href":"https:\/\/zsp15.edu.wroclaw.pl\/index.php\/wp-json\/wp\/v2\/users\/7"}],"replies":[{"embeddable":true,"href":"https:\/\/zsp15.edu.wroclaw.pl\/index.php\/wp-json\/wp\/v2\/comments?post=795"}],"version-history":[{"count":5,"href":"https:\/\/zsp15.edu.wroclaw.pl\/index.php\/wp-json\/wp\/v2\/pages\/795\/revisions"}],"predecessor-version":[{"id":803,"href":"https:\/\/zsp15.edu.wroclaw.pl\/index.php\/wp-json\/wp\/v2\/pages\/795\/revisions\/803"}],"up":[{"embeddable":true,"href":"https:\/\/zsp15.edu.wroclaw.pl\/index.php\/wp-json\/wp\/v2\/pages\/485"}],"wp:attachment":[{"href":"https:\/\/zsp15.edu.wroclaw.pl\/index.php\/wp-json\/wp\/v2\/media?parent=795"}],"curies":[{"name":"wp","href":"https:\/\/api.w.org\/{rel}","templated":true}]}}